{"id":160,"date":"2020-11-05T09:52:53","date_gmt":"2020-11-05T08:52:53","guid":{"rendered":"http:\/\/queyrieres.fr\/?page_id=160"},"modified":"2020-11-27T14:59:13","modified_gmt":"2020-11-27T13:59:13","slug":"vivre-ensemble","status":"publish","type":"page","link":"https:\/\/queyrieres.fr\/index.php\/vivre-ensemble\/","title":{"rendered":"Vivre Ensemble"},"content":{"rendered":"\t\t<div data-elementor-type=\"wp-page\" data-elementor-id=\"160\" class=\"elementor elementor-160\">\n\t\t\t\t\t\t\t\t\t<section class=\"elementor-section elementor-top-section elementor-element elementor-element-bcc94c5 elementor-section-boxed elementor-section-height-default elementor-section-height-default\" data-id=\"bcc94c5\" data-element_type=\"section\">\n\t\t\t\t\t\t<div class=\"elementor-container elementor-column-gap-default\">\n\t\t\t\t\t<div class=\"elementor-column elementor-col-100 elementor-top-column elementor-element elementor-element-22a9266\" data-id=\"22a9266\" data-element_type=\"column\">\n\t\t\t<div class=\"elementor-widget-wrap elementor-element-populated\">\n\t\t\t\t\t\t\t\t<div class=\"elementor-element elementor-element-693ca3e elementor-widget elementor-widget-spacer\" data-id=\"693ca3e\" data-element_type=\"widget\" data-widget_type=\"spacer.default\">\n\t\t\t\t<div class=\"elementor-widget-container\">\n\t\t\t\t\t<div class=\"elementor-spacer\">\n\t\t\t<div class=\"elementor-spacer-inner\"><\/div>\n\t\t<\/div>\n\t\t\t\t<\/div>\n\t\t\t\t<\/div>\n\t\t\t\t\t<\/div>\n\t\t<\/div>\n\t\t\t\t\t\t\t<\/div>\n\t\t<\/section>\n\t\t\t\t<section class=\"elementor-section elementor-top-section elementor-element elementor-element-73b8817 elementor-section-boxed elementor-section-height-default elementor-section-height-default\" data-id=\"73b8817\" data-element_type=\"section\">\n\t\t\t\t\t\t<div class=\"elementor-container elementor-column-gap-default\">\n\t\t\t\t\t<div class=\"elementor-column elementor-col-100 elementor-top-column elementor-element elementor-element-3b8bc55\" data-id=\"3b8bc55\" data-element_type=\"column\">\n\t\t\t<div class=\"elementor-widget-wrap elementor-element-populated\">\n\t\t\t\t\t\t\t\t<div class=\"elementor-element elementor-element-ac3ddbc elementor-widget elementor-widget-heading\" data-id=\"ac3ddbc\" data-element_type=\"widget\" data-widget_type=\"heading.default\">\n\t\t\t\t<div class=\"elementor-widget-container\">\n\t\t\t<h1 class=\"elementor-heading-title elementor-size-default\">Vivre ensemble<\/h1>\t\t<\/div>\n\t\t\t\t<\/div>\n\t\t\t\t\t<\/div>\n\t\t<\/div>\n\t\t\t\t\t\t\t<\/div>\n\t\t<\/section>\n\t\t\t\t<section class=\"elementor-section elementor-top-section elementor-element elementor-element-ae2f5dc elementor-section-boxed elementor-section-height-default elementor-section-height-default\" data-id=\"ae2f5dc\" data-element_type=\"section\">\n\t\t\t\t\t\t<div class=\"elementor-container elementor-column-gap-default\">\n\t\t\t\t\t<div class=\"elementor-column elementor-col-100 elementor-top-column elementor-element elementor-element-938a6ca\" data-id=\"938a6ca\" data-element_type=\"column\">\n\t\t\t<div class=\"elementor-widget-wrap elementor-element-populated\">\n\t\t\t\t\t\t\t\t<div class=\"elementor-element elementor-element-e4efcbb elementor-widget elementor-widget-text-editor\" data-id=\"e4efcbb\" data-element_type=\"widget\" data-widget_type=\"text-editor.default\">\n\t\t\t\t<div class=\"elementor-widget-container\">\n\t\t\t\t\t\t\t<p>D\u00e9couvrir les cat\u00e9gories :<\/p><p>\u00a0<\/p><p><a href=\"https:\/\/queyrieres.fr\/index.php\/vivre-ensemble\/ils-habitent-queyrieres\/\">Ils habitent Queyri\u00e8res !<\/a><\/p><p><a href=\"https:\/\/queyrieres.fr\/index.php\/vivre-ensemble\/lecole\/\">L&rsquo;\u00e9cole<\/a><\/p><p><a href=\"https:\/\/queyrieres.fr\/index.php\/vivre-ensemble\/les-manifestations-a-venir\/\">Manifestations \u00e0 venir<\/a><\/p><p><a href=\"https:\/\/queyrieres.fr\/index.php\/vivre-ensemble\/transport-solidaire\/\">Transport solidaire<\/a><\/p><p><a href=\"https:\/\/queyrieres.fr\/index.php\/vivre-ensemble\/les-associations\/\">Les associations<\/a><\/p>\t\t\t\t\t\t<\/div>\n\t\t\t\t<\/div>\n\t\t\t\t\t<\/div>\n\t\t<\/div>\n\t\t\t\t\t\t\t<\/div>\n\t\t<\/section>\n\t\t\t\t\t\t\t<\/div>\n\t\t","protected":false},"excerpt":{"rendered":"<p>Vivre ensemble D\u00e9couvrir les cat\u00e9gories : \u00a0 Ils habitent Queyri\u00e8res ! L&rsquo;\u00e9cole Manifestations \u00e0 venir Transport solidaire Les associations<\/p>\n","protected":false},"author":2,"featured_media":0,"parent":0,"menu_order":0,"comment_status":"closed","ping_status":"closed","template":"page-templates\/template-pagebuilder-full-width.php","meta":{"neve_meta_sidebar":"full-width","neve_meta_container":"","neve_meta_enable_content_width":"on","neve_meta_content_width":100,"neve_meta_title_alignment":"","neve_meta_author_avatar":"","neve_post_elements_order":"","neve_meta_disable_header":"","neve_meta_disable_footer":"","neve_meta_disable_title":"","footnotes":""},"class_list":["post-160","page","type-page","status-publish","hentry"],"publishpress_future_action":{"enabled":false,"date":"2026-04-28 14:28:44","action":"change-status","newStatus":"draft","terms":[],"taxonomy":""},"publishpress_future_workflow_manual_trigger":{"enabledWorkflows":[]},"_links":{"self":[{"href":"https:\/\/queyrieres.fr\/index.php\/wp-json\/wp\/v2\/pages\/160","targetHints":{"allow":["GET"]}}],"collection":[{"href":"https:\/\/queyrieres.fr\/index.php\/wp-json\/wp\/v2\/pages"}],"about":[{"href":"https:\/\/queyrieres.fr\/index.php\/wp-json\/wp\/v2\/types\/page"}],"author":[{"embeddable":true,"href":"https:\/\/queyrieres.fr\/index.php\/wp-json\/wp\/v2\/users\/2"}],"replies":[{"embeddable":true,"href":"https:\/\/queyrieres.fr\/index.php\/wp-json\/wp\/v2\/comments?post=160"}],"version-history":[{"count":7,"href":"https:\/\/queyrieres.fr\/index.php\/wp-json\/wp\/v2\/pages\/160\/revisions"}],"predecessor-version":[{"id":300,"href":"https:\/\/queyrieres.fr\/index.php\/wp-json\/wp\/v2\/pages\/160\/revisions\/300"}],"wp:attachment":[{"href":"https:\/\/queyrieres.fr\/index.php\/wp-json\/wp\/v2\/media?parent=160"}],"curies":[{"name":"wp","href":"https:\/\/api.w.org\/{rel}","templated":true}]}}