{"id":213,"date":"2020-11-11T10:27:11","date_gmt":"2020-11-11T09:27:11","guid":{"rendered":"http:\/\/queyrieres.fr\/?page_id=213"},"modified":"2022-05-01T21:08:33","modified_gmt":"2022-05-01T19:08:33","slug":"transport-solidaire","status":"publish","type":"page","link":"https:\/\/queyrieres.fr\/index.php\/vivre-ensemble\/transport-solidaire\/","title":{"rendered":"Transport solidaire"},"content":{"rendered":"\t\t<div data-elementor-type=\"wp-page\" data-elementor-id=\"213\" class=\"elementor elementor-213\">\n\t\t\t\t\t\t\t\t\t<section class=\"elementor-section elementor-top-section elementor-element elementor-element-0344737 elementor-section-boxed elementor-section-height-default elementor-section-height-default\" data-id=\"0344737\" data-element_type=\"section\">\n\t\t\t\t\t\t<div class=\"elementor-container elementor-column-gap-default\">\n\t\t\t\t\t<div class=\"elementor-column elementor-col-100 elementor-top-column elementor-element elementor-element-0cda55e\" data-id=\"0cda55e\" data-element_type=\"column\">\n\t\t\t<div class=\"elementor-widget-wrap elementor-element-populated\">\n\t\t\t\t\t\t\t\t<div class=\"elementor-element elementor-element-59f616f elementor-widget elementor-widget-heading\" data-id=\"59f616f\" data-element_type=\"widget\" data-widget_type=\"heading.default\">\n\t\t\t\t<div class=\"elementor-widget-container\">\n\t\t\t<h2 class=\"elementor-heading-title elementor-size-default\">Transport solidaire<\/h2>\t\t<\/div>\n\t\t\t\t<\/div>\n\t\t\t\t<div class=\"elementor-element elementor-element-d453c1b elementor-widget elementor-widget-text-editor\" data-id=\"d453c1b\" data-element_type=\"widget\" data-widget_type=\"text-editor.default\">\n\t\t\t\t<div class=\"elementor-widget-container\">\n\t\t\t\t\t\t\t<p style=\"color: #7a7a7a; font-family: Roboto, sans-serif;\"><span style=\"color: black; font-family: Calibri; font-size: 11pt; background-color: var(--nv-site-bg);\">Ce transport, assur\u00e9 par des b\u00e9n\u00e9voles de notre commune, permet aux habitants concern\u00e9s de faire leurs achats, prendre des rendez-vous, etc\u2026 <\/span><\/p>\n<p style=\"color: #7a7a7a; font-family: Roboto, sans-serif;\"><span style=\"color: black; font-family: Calibri; font-size: 11pt; background-color: var(--nv-site-bg);\">Un jeudi sur 2, le bus r\u00e9cup\u00e8re les personnes, qui se sont manifest\u00e9es, \u00e0 leur domicile et prend le chemin du march\u00e9 d&rsquo;Yssingeaux. L&rsquo;arriv\u00e9e est pr\u00e9vue vers 9h45 et le d\u00e9part vers 11h15 au niveau de la pharmacie MANISSOLE.<\/span><\/p>\n<p><span style=\"color: #000000; font-family: Calibri;\"><span style=\"font-size: 14.6667px;\">Les crit\u00e8res d\u00e9finis pour b\u00e9n\u00e9ficier de ce service sont les suivants :<\/span><\/span><\/p>\n<p style=\"color: #7a7a7a; font-family: Roboto, sans-serif;\"><span style=\"color: black; font-family: Calibri; font-size: 11pt; background-color: var(--nv-site-bg);\">\u00a0 \u00a0 \u00a0* avoir plus de 70 ans, ou<\/span><\/p>\n<p style=\"color: #7a7a7a; font-family: Roboto, sans-serif;\"><span style=\"color: black; font-family: Calibri; font-size: 11pt; background-color: var(--nv-site-bg);\">\u00a0 \u00a0 \u00a0<\/span><span style=\"color: #000000; font-family: Calibri; font-size: 14.6667px; background-color: var(--nv-site-bg);\"> * ne pas \u00eatre titulaire du permis de conduire, ou<\/span><\/p>\n<p style=\"color: #7a7a7a; font-family: Roboto, sans-serif;\"><span style=\"color: black; font-family: Calibri; font-size: 11pt; background-color: var(--nv-site-bg);\">\u00a0 \u00a0 \u00a0* \u00eatre dans l&rsquo;incapacit\u00e9\u00a0<\/span><span style=\"color: #000000; font-family: Calibri; font-size: 14.6667px; background-color: var(--nv-site-bg);\">de se d\u00e9placer li\u00e9 \u00e0 des\u00a0<\/span><span style=\"background-color: var(--nv-site-bg); color: black; font-family: Calibri; font-size: 11pt;\">soucis de sant\u00e9.<\/span><\/p>\n<p style=\"color: #7a7a7a; font-family: Roboto, sans-serif;\"><span style=\"background-color: var(--nv-site-bg); color: var(--nv-text-color); font-size: 11pt; font-family: Calibri;\">Pour en b\u00e9n\u00e9ficier, veuillez nous contacter \u00e0 l\u2019adresse mail <strong>mairie.queyrieres@wanadoo.fr\u00a0<\/strong><\/span><span style=\"background-color: var(--nv-site-bg); color: var(--nv-text-color); font-size: 11pt; font-family: Calibri;\">\u00a0ou par\u00a0 t\u00e9l\u00e9phone au <strong>04.71.57.60.90<\/strong> aux horaires d\u2019ouverture de la Mairie.<\/span><\/p>\t\t\t\t\t\t<\/div>\n\t\t\t\t<\/div>\n\t\t\t\t<div class=\"elementor-element elementor-element-61b160e elementor-widget elementor-widget-text-editor\" data-id=\"61b160e\" data-element_type=\"widget\" data-widget_type=\"text-editor.default\">\n\t\t\t\t<div class=\"elementor-widget-container\">\n\t\t\t\t\t\t\t<p><!-- wp:paragraph --><\/p>\n<p><\/p>\n<p><!-- \/wp:paragraph --><\/p>\n<p><!-- wp:image {\"id\":366,\"sizeSlug\":\"large\",\"linkDestination\":\"none\"} --><\/p>\n<figure class=\"wp-block-image size-large\"><br><br><\/figure><figure class=\"wp-block-image\"><img alt=\"\"><\/figure>\n<p><!-- \/wp:image --><\/p>\t\t\t\t\t\t<\/div>\n\t\t\t\t<\/div>\n\t\t\t\t\t<\/div>\n\t\t<\/div>\n\t\t\t\t\t\t\t<\/div>\n\t\t<\/section>\n\t\t\t\t\t\t\t<\/div>\n\t\t","protected":false},"excerpt":{"rendered":"<p>Transport solidaire Ce transport, assur\u00e9 par des b\u00e9n\u00e9voles de notre commune, permet aux habitants concern\u00e9s de faire leurs achats, prendre des rendez-vous, etc\u2026 Un jeudi sur 2, le bus r\u00e9cup\u00e8re les personnes, qui se sont manifest\u00e9es, \u00e0 leur domicile et prend le chemin du march\u00e9 d&rsquo;Yssingeaux. L&rsquo;arriv\u00e9e est pr\u00e9vue vers 9h45 et le d\u00e9part vers&hellip;&nbsp;<a href=\"https:\/\/queyrieres.fr\/index.php\/vivre-ensemble\/transport-solidaire\/\" rel=\"bookmark\">Lire la suite &raquo;<span class=\"screen-reader-text\">Transport solidaire<\/span><\/a><\/p>\n","protected":false},"author":2,"featured_media":0,"parent":160,"menu_order":0,"comment_status":"closed","ping_status":"closed","template":"page-templates\/template-pagebuilder-full-width.php","meta":{"neve_meta_sidebar":"full-width","neve_meta_container":"","neve_meta_enable_content_width":"on","neve_meta_content_width":100,"neve_meta_title_alignment":"","neve_meta_author_avatar":"","neve_post_elements_order":"","neve_meta_disable_header":"","neve_meta_disable_footer":"","neve_meta_disable_title":"","footnotes":""},"class_list":["post-213","page","type-page","status-publish","hentry"],"publishpress_future_action":{"enabled":false,"date":"2026-04-27 06:17:08","action":"change-status","newStatus":"draft","terms":[],"taxonomy":""},"publishpress_future_workflow_manual_trigger":{"enabledWorkflows":[]},"_links":{"self":[{"href":"https:\/\/queyrieres.fr\/index.php\/wp-json\/wp\/v2\/pages\/213","targetHints":{"allow":["GET"]}}],"collection":[{"href":"https:\/\/queyrieres.fr\/index.php\/wp-json\/wp\/v2\/pages"}],"about":[{"href":"https:\/\/queyrieres.fr\/index.php\/wp-json\/wp\/v2\/types\/page"}],"author":[{"embeddable":true,"href":"https:\/\/queyrieres.fr\/index.php\/wp-json\/wp\/v2\/users\/2"}],"replies":[{"embeddable":true,"href":"https:\/\/queyrieres.fr\/index.php\/wp-json\/wp\/v2\/comments?post=213"}],"version-history":[{"count":19,"href":"https:\/\/queyrieres.fr\/index.php\/wp-json\/wp\/v2\/pages\/213\/revisions"}],"predecessor-version":[{"id":2119,"href":"https:\/\/queyrieres.fr\/index.php\/wp-json\/wp\/v2\/pages\/213\/revisions\/2119"}],"up":[{"embeddable":true,"href":"https:\/\/queyrieres.fr\/index.php\/wp-json\/wp\/v2\/pages\/160"}],"wp:attachment":[{"href":"https:\/\/queyrieres.fr\/index.php\/wp-json\/wp\/v2\/media?parent=213"}],"curies":[{"name":"wp","href":"https:\/\/api.w.org\/{rel}","templated":true}]}}