{"id":215,"date":"2020-11-11T10:28:18","date_gmt":"2020-11-11T09:28:18","guid":{"rendered":"http:\/\/queyrieres.fr\/?page_id=215"},"modified":"2021-06-12T11:15:12","modified_gmt":"2021-06-12T09:15:12","slug":"ils-habitent-queyrieres","status":"publish","type":"page","link":"https:\/\/queyrieres.fr\/index.php\/vivre-ensemble\/ils-habitent-queyrieres\/","title":{"rendered":"Portraits"},"content":{"rendered":"\t\t<div data-elementor-type=\"wp-page\" data-elementor-id=\"215\" class=\"elementor elementor-215\">\n\t\t\t\t\t\t\t\t\t<section class=\"elementor-section elementor-top-section elementor-element elementor-element-0cbe14c elementor-section-boxed elementor-section-height-default elementor-section-height-default\" data-id=\"0cbe14c\" data-element_type=\"section\">\n\t\t\t\t\t\t<div class=\"elementor-container elementor-column-gap-default\">\n\t\t\t\t\t<div class=\"elementor-column elementor-col-100 elementor-top-column elementor-element elementor-element-0584068\" data-id=\"0584068\" data-element_type=\"column\">\n\t\t\t<div class=\"elementor-widget-wrap elementor-element-populated\">\n\t\t\t\t\t\t\t\t<div class=\"elementor-element elementor-element-b9cbf56 elementor-widget elementor-widget-heading\" data-id=\"b9cbf56\" data-element_type=\"widget\" data-widget_type=\"heading.default\">\n\t\t\t\t<div class=\"elementor-widget-container\">\n\t\t\t<h2 class=\"elementor-heading-title elementor-size-default\">Pierre-Alexandre MESONA, Meilleur Apprenti de France 2019 <\/h2>\t\t<\/div>\n\t\t\t\t<\/div>\n\t\t\t\t\t<\/div>\n\t\t<\/div>\n\t\t\t\t\t\t\t<\/div>\n\t\t<\/section>\n\t\t\t\t<section class=\"elementor-section elementor-top-section elementor-element elementor-element-b4de0c1 elementor-section-boxed elementor-section-height-default elementor-section-height-default\" data-id=\"b4de0c1\" data-element_type=\"section\">\n\t\t\t\t\t\t<div class=\"elementor-container elementor-column-gap-default\">\n\t\t\t\t\t<div class=\"elementor-column elementor-col-100 elementor-top-column elementor-element elementor-element-baafd7d\" data-id=\"baafd7d\" data-element_type=\"column\">\n\t\t\t<div class=\"elementor-widget-wrap\">\n\t\t\t\t\t\t\t\t\t<\/div>\n\t\t<\/div>\n\t\t\t\t\t\t\t<\/div>\n\t\t<\/section>\n\t\t\t\t<section class=\"elementor-section elementor-top-section elementor-element elementor-element-11f2efd elementor-section-boxed elementor-section-height-default elementor-section-height-default\" data-id=\"11f2efd\" data-element_type=\"section\">\n\t\t\t\t\t\t<div class=\"elementor-container elementor-column-gap-default\">\n\t\t\t\t\t<div class=\"elementor-column elementor-col-100 elementor-top-column elementor-element elementor-element-caf49ce\" data-id=\"caf49ce\" data-element_type=\"column\">\n\t\t\t<div class=\"elementor-widget-wrap elementor-element-populated\">\n\t\t\t\t\t\t\t\t<div class=\"elementor-element elementor-element-7796322 elementor-widget elementor-widget-text-editor\" data-id=\"7796322\" data-element_type=\"widget\" data-widget_type=\"text-editor.default\">\n\t\t\t\t<div class=\"elementor-widget-container\">\n\t\t\t\t\t\t\t<p>Ag\u00e9 de 21 ans, habitant la Mez\u00e8re , Pierre-Alexandre est actuellement au CFA&nbsp;<span style=\"color: var( --e-global-color-text ); font-family: var( --e-global-typography-text-font-family ), Sans-serif; font-weight: var( --e-global-typography-text-font-weight ); background-color: var(--nv-site-bg);\">de BAINS et en alternance dans une entreprise \u00e0 BEAUX. Apr\u00e8s 2 ans en&nbsp;<\/span><span style=\"color: var( --e-global-color-text ); font-family: var( --e-global-typography-text-font-family ), Sans-serif; font-weight: var( --e-global-typography-text-font-weight ); background-color: var(--nv-site-bg);\">charpente chez les Compagnons, il s&rsquo;est orient\u00e9 vers l&rsquo;\u00e9b\u00e9nisterie obtenant par&nbsp;<\/span><span style=\"color: var( --e-global-color-text ); font-family: var( --e-global-typography-text-font-family ), Sans-serif; font-weight: var( --e-global-typography-text-font-weight ); background-color: var(--nv-site-bg);\">la suite le titre de Meilleur Apprenti de France.<\/span><\/p>\n<p>Au d\u00e9part, un d\u00e9fi entre copains le met sur la voie de ce concours qui, au fil des&nbsp;<span style=\"color: var( --e-global-color-text ); font-family: var( --e-global-typography-text-font-family ), Sans-serif; font-weight: var( --e-global-typography-text-font-weight ); background-color: var(--nv-site-bg);\">mois, se transforme en aventure humaine. Passionn\u00e9 par le th\u00e8me, une<\/span><span style=\"color: var( --e-global-color-text ); font-family: var( --e-global-typography-text-font-family ), Sans-serif; font-weight: var( --e-global-typography-text-font-weight ); background-color: var(--nv-site-bg);\">coiffeuse de voyage, Pierre-Alexandre d\u00e9passe les pr\u00e9requis en fa\u00e7onnant lui-<\/span><span style=\"color: var( --e-global-color-text ); font-family: var( --e-global-typography-text-font-family ), Sans-serif; font-weight: var( --e-global-typography-text-font-weight ); background-color: var(--nv-site-bg);\">m\u00eame tous les \u00e9l\u00e9ments du cuir au tissu jusqu&rsquo;\u00e0 l&rsquo;usinage des ferrures en laiton<\/span><span style=\"color: var( --e-global-color-text ); font-family: var( --e-global-typography-text-font-family ), Sans-serif; font-weight: var( --e-global-typography-text-font-weight ); background-color: var(--nv-site-bg);\">ainsi que la bo\u00eete de transport. Cette initiative personnelle lui permet de faire&nbsp;<\/span><span style=\"color: var( --e-global-color-text ); font-family: var( --e-global-typography-text-font-family ), Sans-serif; font-weight: var( --e-global-typography-text-font-weight ); background-color: var(--nv-site-bg);\">la diff\u00e9rence entre les 400 participants.<\/span><span style=\"color: var( --e-global-color-text ); font-family: var( --e-global-typography-text-font-family ), Sans-serif; font-weight: var( --e-global-typography-text-font-weight ); background-color: var(--nv-site-bg);\">Pour la remise des m\u00e9dailles, Pierre-Alexandre a \u00e9t\u00e9 convi\u00e9 \u00e0 la Sorbonne. Lors de ce s\u00e9jour parisien, il a \u00e9t\u00e9 invit\u00e9&nbsp;<\/span><span style=\"color: var( --e-global-color-text ); font-family: var( --e-global-typography-text-font-family ), Sans-serif; font-weight: var( --e-global-typography-text-font-weight ); background-color: var(--nv-site-bg);\">personnellement \u00e0 visiter l&rsquo;Assembl\u00e9e<\/span><span style=\"color: var( --e-global-color-text ); font-family: var( --e-global-typography-text-font-family ), Sans-serif; font-weight: var( --e-global-typography-text-font-weight ); background-color: var(--nv-site-bg);\">&nbsp;Nationale o\u00f9 il a re\u00e7u une nouvelle m\u00e9daille. En photo sa coiffeuse de voyage qui&nbsp;<\/span><span style=\"color: var( --e-global-color-text ); font-family: var( --e-global-typography-text-font-family ), Sans-serif; font-weight: var( --e-global-typography-text-font-weight ); background-color: var(--nv-site-bg);\">lui a permis d&rsquo;obtenir le titre de Meilleur Apprenti de France.<\/span><\/p>\n<p>Confort\u00e9 dans la qualit\u00e9 de son travail, il d\u00e9cide de poursuivre l&rsquo;aventure en participant aux World Skills (ex&nbsp;<span style=\"color: var( --e-global-color-text ); font-family: var( --e-global-typography-text-font-family ), Sans-serif; font-weight: var( --e-global-typography-text-font-weight ); background-color: var(--nv-site-bg);\">Olympiades) dont la premi\u00e8re phase des s\u00e9lections s&rsquo;est d\u00e9roul\u00e9e vendredi 19 juin 2020 \u00e0 Echirolles. Les r\u00e9sultats&nbsp;<\/span><span style=\"color: var( --e-global-color-text ); font-family: var( --e-global-typography-text-font-family ), Sans-serif; font-weight: var( --e-global-typography-text-font-weight ); background-color: var(--nv-site-bg);\">sont attendus pour la rentr\u00e9e.<\/span><\/p>\n<p>Il continue sa formation en Brevet Technique des M\u00e9tiers, avant de poursuivre un Brevet Technique des M\u00e9tiers&nbsp;<span style=\"color: var( --e-global-color-text ); font-family: var( --e-global-typography-text-font-family ), Sans-serif; font-weight: var( --e-global-typography-text-font-weight ); background-color: var(--nv-site-bg);\">Sup\u00e9rieur en 2 ans puis une ann\u00e9e de marqueterie. Parall\u00e8lement, il a cr\u00e9\u00e9 sa propre micro-entreprise afin de&nbsp;<\/span><span style=\"color: var( --e-global-color-text ); font-family: var( --e-global-typography-text-font-family ), Sans-serif; font-weight: var( --e-global-typography-text-font-weight ); background-color: var(--nv-site-bg);\">mettre en valeur et partager le savoir-faire fran\u00e7ais.<\/span><\/p>\n<p>Il aime concevoir des pi\u00e8ces uniques selon les souhaits de chacun. Ces cr\u00e9ations vont de l&rsquo;\u00e9tui \u00e0 lunettes \u00e0 la cave \u00e0&nbsp;<span style=\"color: var( --e-global-color-text ); font-family: var( --e-global-typography-text-font-family ), Sans-serif; font-weight: var( --e-global-typography-text-font-weight ); background-color: var(--nv-site-bg);\">whisky en passant par les \u00e9crins \u00e0 bijoux. Toutes ces r\u00e9alisations ont \u00e9t\u00e9 expos\u00e9es \u00e0 la vente-expo de Juillet 2020 \u00e0 la salle des f\u00eates de Queyri\u00e8res, et sont consultables via son compte Instagram :&nbsp;<\/span><span style=\"color: var( --e-global-color-text ); font-family: var( --e-global-typography-text-font-family ), Sans-serif; font-weight: var( --e-global-typography-text-font-weight ); background-color: var(--nv-site-bg);\">pierrealexandremesona.<\/span><\/p>\n<p><\/p>\n<p>Pierre-Alexandre MESONA : 06.85.20.28.30<\/p>\t\t\t\t\t\t<\/div>\n\t\t\t\t<\/div>\n\t\t\t\t\t<\/div>\n\t\t<\/div>\n\t\t\t\t\t\t\t<\/div>\n\t\t<\/section>\n\t\t\t\t\t\t\t<\/div>\n\t\t","protected":false},"excerpt":{"rendered":"<p>Pierre-Alexandre MESONA, Meilleur Apprenti de France 2019 Ag\u00e9 de 21 ans, habitant la Mez\u00e8re , Pierre-Alexandre est actuellement au CFA&nbsp;de BAINS et en alternance dans une entreprise \u00e0 BEAUX. Apr\u00e8s 2 ans en&nbsp;charpente chez les Compagnons, il s&rsquo;est orient\u00e9 vers l&rsquo;\u00e9b\u00e9nisterie obtenant par&nbsp;la suite le titre de Meilleur Apprenti de France. Au d\u00e9part, un d\u00e9fi&hellip;&nbsp;<a href=\"https:\/\/queyrieres.fr\/index.php\/vivre-ensemble\/ils-habitent-queyrieres\/\" rel=\"bookmark\">Lire la suite &raquo;<span class=\"screen-reader-text\">Portraits<\/span><\/a><\/p>\n","protected":false},"author":2,"featured_media":0,"parent":160,"menu_order":0,"comment_status":"closed","ping_status":"closed","template":"page-templates\/template-pagebuilder-full-width.php","meta":{"neve_meta_sidebar":"full-width","neve_meta_container":"","neve_meta_enable_content_width":"on","neve_meta_content_width":100,"neve_meta_title_alignment":"","neve_meta_author_avatar":"","neve_post_elements_order":"","neve_meta_disable_header":"","neve_meta_disable_footer":"","neve_meta_disable_title":"","footnotes":""},"class_list":["post-215","page","type-page","status-publish","hentry"],"publishpress_future_action":{"enabled":false,"date":"2026-04-24 15:32:22","action":"change-status","newStatus":"draft","terms":[],"taxonomy":""},"publishpress_future_workflow_manual_trigger":{"enabledWorkflows":[]},"_links":{"self":[{"href":"https:\/\/queyrieres.fr\/index.php\/wp-json\/wp\/v2\/pages\/215","targetHints":{"allow":["GET"]}}],"collection":[{"href":"https:\/\/queyrieres.fr\/index.php\/wp-json\/wp\/v2\/pages"}],"about":[{"href":"https:\/\/queyrieres.fr\/index.php\/wp-json\/wp\/v2\/types\/page"}],"author":[{"embeddable":true,"href":"https:\/\/queyrieres.fr\/index.php\/wp-json\/wp\/v2\/users\/2"}],"replies":[{"embeddable":true,"href":"https:\/\/queyrieres.fr\/index.php\/wp-json\/wp\/v2\/comments?post=215"}],"version-history":[{"count":7,"href":"https:\/\/queyrieres.fr\/index.php\/wp-json\/wp\/v2\/pages\/215\/revisions"}],"predecessor-version":[{"id":1558,"href":"https:\/\/queyrieres.fr\/index.php\/wp-json\/wp\/v2\/pages\/215\/revisions\/1558"}],"up":[{"embeddable":true,"href":"https:\/\/queyrieres.fr\/index.php\/wp-json\/wp\/v2\/pages\/160"}],"wp:attachment":[{"href":"https:\/\/queyrieres.fr\/index.php\/wp-json\/wp\/v2\/media?parent=215"}],"curies":[{"name":"wp","href":"https:\/\/api.w.org\/{rel}","templated":true}]}}