{"id":219,"date":"2020-11-11T10:37:20","date_gmt":"2020-11-11T09:37:20","guid":{"rendered":"http:\/\/queyrieres.fr\/?page_id=219"},"modified":"2024-09-23T19:06:30","modified_gmt":"2024-09-23T17:06:30","slug":"urbanisme","status":"publish","type":"page","link":"https:\/\/queyrieres.fr\/index.php\/vie-municipale\/urbanisme\/","title":{"rendered":"Urbanisme"},"content":{"rendered":"\t\t<div data-elementor-type=\"wp-page\" data-elementor-id=\"219\" class=\"elementor elementor-219\">\n\t\t\t\t\t\t\t\t\t<section class=\"elementor-section elementor-top-section elementor-element elementor-element-e184e7e elementor-section-boxed elementor-section-height-default elementor-section-height-default\" data-id=\"e184e7e\" data-element_type=\"section\">\n\t\t\t\t\t\t<div class=\"elementor-container elementor-column-gap-default\">\n\t\t\t\t\t<div class=\"elementor-column elementor-col-100 elementor-top-column elementor-element elementor-element-19b526e\" data-id=\"19b526e\" data-element_type=\"column\">\n\t\t\t<div class=\"elementor-widget-wrap elementor-element-populated\">\n\t\t\t\t\t\t\t\t<div class=\"elementor-element elementor-element-32890eb elementor-widget elementor-widget-heading\" data-id=\"32890eb\" data-element_type=\"widget\" data-widget_type=\"heading.default\">\n\t\t\t\t<div class=\"elementor-widget-container\">\n\t\t\t<h2 class=\"elementor-heading-title elementor-size-default\">Urbanisme \u00e0 Queyri\u00e8res<\/h2>\t\t<\/div>\n\t\t\t\t<\/div>\n\t\t\t\t\t<\/div>\n\t\t<\/div>\n\t\t\t\t\t\t\t<\/div>\n\t\t<\/section>\n\t\t\t\t<section class=\"elementor-section elementor-top-section elementor-element elementor-element-9cf0739 elementor-section-boxed elementor-section-height-default elementor-section-height-default\" data-id=\"9cf0739\" data-element_type=\"section\">\n\t\t\t\t\t\t<div class=\"elementor-container elementor-column-gap-default\">\n\t\t\t\t\t<div class=\"elementor-column elementor-col-100 elementor-top-column elementor-element elementor-element-cc5c93e\" data-id=\"cc5c93e\" data-element_type=\"column\">\n\t\t\t<div class=\"elementor-widget-wrap elementor-element-populated\">\n\t\t\t\t\t\t\t\t<div class=\"elementor-element elementor-element-3f2757c elementor-widget elementor-widget-text-editor\" data-id=\"3f2757c\" data-element_type=\"widget\" data-widget_type=\"text-editor.default\">\n\t\t\t\t<div class=\"elementor-widget-container\">\n\t\t\t\t\t\t\t<p><strong>Vous \u00eates propri\u00e9taire d&rsquo;un bien foncier ou immobilier sur la commune de Queyri\u00e8res, vous envisagez d&rsquo;effectuer des travaux, voici la liste de ceux soumis \u00e0 autorisation.<\/strong><\/p><ul><li>Les constructions neuves d&rsquo;habitation, de garage, de d\u00e9pendances, &#8230;<\/li><li>Les extensions, appentis, v\u00e9randas, auvents, abris de jardin, &#8230;<\/li><li>Les ravalements de fa\u00e7ade,<\/li><li>Les toitures,<\/li><li>Les modifications d&rsquo;ouvertures : portes et fen\u00eatres, pose de fen\u00eatres de toit type velux,<\/li><li>Les modifications ou mises en place de cl\u00f4tures,<\/li><\/ul><p>Pour le plan du cadastre, le relev\u00e9 de matrice cadastrale (pour les propri\u00e9taires), le plan local d&rsquo;urbanisme, le plan des r\u00e9seau ainsi que pour le d\u00e9p\u00f4t de d\u00e9clarations pr\u00e9alables de travaux, permis de construire et certificat d&rsquo;urbanisme, s&rsquo;adresser \u00e0 la Mairie.<\/p><p>Pour information le PLUI (Plan Local d&rsquo;Urbanisme Intercommunal) est disponible d&rsquo;\u00e9tude \u00e0 la Communaut\u00e9 de Communes Meyzenc Loire Meygal (<a href=\"https:\/\/www.mezencloiremeygal.fr\/plan-local-durbanisme-intercommunal\/\" target=\"_blank\" rel=\"noopener\">lien<\/a>).\u00a0<\/p>\t\t\t\t\t\t<\/div>\n\t\t\t\t<\/div>\n\t\t\t\t\t<\/div>\n\t\t<\/div>\n\t\t\t\t\t\t\t<\/div>\n\t\t<\/section>\n\t\t\t\t<section class=\"elementor-section elementor-top-section elementor-element elementor-element-9abfa0d elementor-section-boxed elementor-section-height-default elementor-section-height-default\" data-id=\"9abfa0d\" data-element_type=\"section\">\n\t\t\t\t\t\t<div class=\"elementor-container elementor-column-gap-default\">\n\t\t\t\t\t<div class=\"elementor-column elementor-col-100 elementor-top-column elementor-element elementor-element-49233ab\" data-id=\"49233ab\" data-element_type=\"column\">\n\t\t\t<div class=\"elementor-widget-wrap elementor-element-populated\">\n\t\t\t\t\t\t\t\t<div class=\"elementor-element elementor-element-4f34400 elementor-widget elementor-widget-image\" data-id=\"4f34400\" data-element_type=\"widget\" data-widget_type=\"image.default\">\n\t\t\t\t<div class=\"elementor-widget-container\">\n\t\t\t\t\t\t\t\t\t\t\t\t\t\t\t<img fetchpriority=\"high\" decoding=\"async\" width=\"736\" height=\"960\" src=\"https:\/\/queyrieres.fr\/wp-content\/uploads\/2024\/09\/2024_Declaration-travaux-urba.jpg\" class=\"attachment-large size-large wp-image-3300\" alt=\"Quelles autorisations pour quels travaux\" srcset=\"https:\/\/queyrieres.fr\/wp-content\/uploads\/2024\/09\/2024_Declaration-travaux-urba.jpg 736w, https:\/\/queyrieres.fr\/wp-content\/uploads\/2024\/09\/2024_Declaration-travaux-urba-230x300.jpg 230w\" sizes=\"(max-width: 736px) 100vw, 736px\" \/>\t\t\t\t\t\t\t\t\t\t\t\t\t\t\t<\/div>\n\t\t\t\t<\/div>\n\t\t\t\t\t<\/div>\n\t\t<\/div>\n\t\t\t\t\t\t\t<\/div>\n\t\t<\/section>\n\t\t\t\t<section class=\"elementor-section elementor-top-section elementor-element elementor-element-f1b0c37 elementor-section-boxed elementor-section-height-default elementor-section-height-default\" data-id=\"f1b0c37\" data-element_type=\"section\">\n\t\t\t\t\t\t<div class=\"elementor-container elementor-column-gap-default\">\n\t\t\t\t\t<div class=\"elementor-column elementor-col-100 elementor-top-column elementor-element elementor-element-ccb7d0b\" data-id=\"ccb7d0b\" data-element_type=\"column\">\n\t\t\t<div class=\"elementor-widget-wrap elementor-element-populated\">\n\t\t\t\t\t\t\t\t<div class=\"elementor-element elementor-element-d20c17e elementor-widget elementor-widget-text-editor\" data-id=\"d20c17e\" data-element_type=\"widget\" data-widget_type=\"text-editor.default\">\n\t\t\t\t<div class=\"elementor-widget-container\">\n\t\t\t\t\t\t\t<p><strong>Depuis le 1er octobre 2020, lors de la vente de terrains<\/strong> non b\u00e2tis constructibles dans les zones expos\u00e9es au ph\u00e9nom\u00e8ne<br \/>de mouvement de terrain diff\u00e9rentiel cons\u00e9cutif \u00e0 la s\u00e9cheresse et \u00e0 la r\u00e9hydratation des sols (Risque argile), une \u00e9tude<br \/>g\u00e9otechnique pr\u00e9alable doit \u00eatre fournie par le vendeur.<br \/>Ces zones sont celles dont l&rsquo;exposition \u00e0 ce ph\u00e9nom\u00e8ne est identifi\u00e9e comme moyenne ou forte. La carte d&rsquo;exposition<br \/>au ph\u00e9nom\u00e8ne de mouvement de terrain identifie quatre cat\u00e9gories de zones : forte, moyenne, faible et le reste du<br \/>territoire. La commune de Queyri\u00e8res est concern\u00e9e par cette nouvelle obligation.<br \/>La carte est disponible sur le site G\u00e9orisques ( http:\/\/www.georisques.gouv.fr\/).<br \/>Pour conna\u00eetre la zone dont d\u00e9pend un terrain, choisissez le pictogramme \u00ab Choix des couches \u00bb avec une feuille et un plus dans la colonne \u00e0 droite<br \/>de la carte. Le choix des couches s&rsquo;affiche. S\u00e9lectionnez alors \u00ab Argiles \u00bb. Les zones apparaissent sur la carte sur laquelle vous pouvez zoomer.<\/p>\t\t\t\t\t\t<\/div>\n\t\t\t\t<\/div>\n\t\t\t\t\t<\/div>\n\t\t<\/div>\n\t\t\t\t\t\t\t<\/div>\n\t\t<\/section>\n\t\t\t\t<section class=\"elementor-section elementor-top-section elementor-element elementor-element-76e2ece elementor-section-boxed elementor-section-height-default elementor-section-height-default\" data-id=\"76e2ece\" data-element_type=\"section\">\n\t\t\t\t\t\t<div class=\"elementor-container elementor-column-gap-default\">\n\t\t\t\t\t<div class=\"elementor-column elementor-col-100 elementor-top-column elementor-element elementor-element-fd5ab55\" data-id=\"fd5ab55\" data-element_type=\"column\">\n\t\t\t<div class=\"elementor-widget-wrap elementor-element-populated\">\n\t\t\t\t\t\t\t\t<div class=\"elementor-element elementor-element-fa09cc2 elementor-widget elementor-widget-text-editor\" data-id=\"fa09cc2\" data-element_type=\"widget\" data-widget_type=\"text-editor.default\">\n\t\t\t\t<div class=\"elementor-widget-container\">\n\t\t\t\t\t\t\t<p><strong>G\u00e9orisques<\/strong>, connaitre les risques identifi\u00e9s sur la commune.<br \/><a href=\"https:\/\/www.georisques.gouv.fr\/mes-risques\/connaitre-les-risques-pres-de-chez-moi\/rapport?form-commune=true&amp;codeInsee=43158&amp;ign=false&amp;CGU-commune=on&amp;commune=43260+Queyri%C3%A8res\" target=\"_blank\" rel=\"noopener\">Acc\u00e9der au site gouvernemental.<\/a><\/p>\t\t\t\t\t\t<\/div>\n\t\t\t\t<\/div>\n\t\t\t\t\t<\/div>\n\t\t<\/div>\n\t\t\t\t\t\t\t<\/div>\n\t\t<\/section>\n\t\t\t\t\t\t\t<\/div>\n\t\t","protected":false},"excerpt":{"rendered":"<p>Urbanisme \u00e0 Queyri\u00e8res Vous \u00eates propri\u00e9taire d&rsquo;un bien foncier ou immobilier sur la commune de Queyri\u00e8res, vous envisagez d&rsquo;effectuer des travaux, voici la liste de ceux soumis \u00e0 autorisation. Les constructions neuves d&rsquo;habitation, de garage, de d\u00e9pendances, &#8230; Les extensions, appentis, v\u00e9randas, auvents, abris de jardin, &#8230; Les ravalements de fa\u00e7ade, Les toitures, Les modifications&hellip;&nbsp;<a href=\"https:\/\/queyrieres.fr\/index.php\/vie-municipale\/urbanisme\/\" rel=\"bookmark\">Lire la suite &raquo;<span class=\"screen-reader-text\">Urbanisme<\/span><\/a><\/p>\n","protected":false},"author":2,"featured_media":0,"parent":156,"menu_order":0,"comment_status":"closed","ping_status":"closed","template":"page-templates\/template-pagebuilder-full-width.php","meta":{"neve_meta_sidebar":"full-width","neve_meta_container":"","neve_meta_enable_content_width":"on","neve_meta_content_width":100,"neve_meta_title_alignment":"","neve_meta_author_avatar":"","neve_post_elements_order":"","neve_meta_disable_header":"","neve_meta_disable_footer":"","neve_meta_disable_title":"","footnotes":""},"class_list":["post-219","page","type-page","status-publish","hentry"],"publishpress_future_action":{"enabled":false,"date":"2026-04-23 11:24:19","action":"change-status","newStatus":"draft","terms":[],"taxonomy":""},"publishpress_future_workflow_manual_trigger":{"enabledWorkflows":[]},"_links":{"self":[{"href":"https:\/\/queyrieres.fr\/index.php\/wp-json\/wp\/v2\/pages\/219","targetHints":{"allow":["GET"]}}],"collection":[{"href":"https:\/\/queyrieres.fr\/index.php\/wp-json\/wp\/v2\/pages"}],"about":[{"href":"https:\/\/queyrieres.fr\/index.php\/wp-json\/wp\/v2\/types\/page"}],"author":[{"embeddable":true,"href":"https:\/\/queyrieres.fr\/index.php\/wp-json\/wp\/v2\/users\/2"}],"replies":[{"embeddable":true,"href":"https:\/\/queyrieres.fr\/index.php\/wp-json\/wp\/v2\/comments?post=219"}],"version-history":[{"count":40,"href":"https:\/\/queyrieres.fr\/index.php\/wp-json\/wp\/v2\/pages\/219\/revisions"}],"predecessor-version":[{"id":3304,"href":"https:\/\/queyrieres.fr\/index.php\/wp-json\/wp\/v2\/pages\/219\/revisions\/3304"}],"up":[{"embeddable":true,"href":"https:\/\/queyrieres.fr\/index.php\/wp-json\/wp\/v2\/pages\/156"}],"wp:attachment":[{"href":"https:\/\/queyrieres.fr\/index.php\/wp-json\/wp\/v2\/media?parent=219"}],"curies":[{"name":"wp","href":"https:\/\/api.w.org\/{rel}","templated":true}]}}