{"id":3182,"date":"2024-06-02T19:43:48","date_gmt":"2024-06-02T17:43:48","guid":{"rendered":"http:\/\/queyrieres.fr\/?page_id=3182"},"modified":"2024-10-21T12:47:19","modified_gmt":"2024-10-21T10:47:19","slug":"la-salle-des-fetes","status":"publish","type":"page","link":"https:\/\/queyrieres.fr\/index.php\/vivre-ensemble\/la-salle-des-fetes\/","title":{"rendered":"La salle des f\u00eates"},"content":{"rendered":"\t\t<div data-elementor-type=\"wp-page\" data-elementor-id=\"3182\" class=\"elementor elementor-3182\">\n\t\t\t\t\t\t\t\t\t<section class=\"elementor-section elementor-top-section elementor-element elementor-element-37c36c9 elementor-section-boxed elementor-section-height-default elementor-section-height-default\" data-id=\"37c36c9\" data-element_type=\"section\">\n\t\t\t\t\t\t<div class=\"elementor-container elementor-column-gap-default\">\n\t\t\t\t\t<div class=\"elementor-column elementor-col-100 elementor-top-column elementor-element elementor-element-7d8b735\" data-id=\"7d8b735\" data-element_type=\"column\">\n\t\t\t<div class=\"elementor-widget-wrap elementor-element-populated\">\n\t\t\t\t\t\t\t\t<div class=\"elementor-element elementor-element-e2720fe elementor-widget elementor-widget-text-editor\" data-id=\"e2720fe\" data-element_type=\"widget\" data-widget_type=\"text-editor.default\">\n\t\t\t\t<div class=\"elementor-widget-container\">\n\t\t\t\t\t\t\t<p>Le conseil municipal, apr\u00e8s avoir d\u00e9lib\u00e9r\u00e9 \u00e0 l\u2019unanimit\u00e9, d\u00e9cide :<\/p><ul><li>De mettre les salles \u00e0 disposition des associations de Queyri\u00e8res et lors des enterrements,<\/li><li>De louer selon les conditions tarifaires pr\u00e9sent\u00e9es ci-dessous,<\/li><li>D\u2019appliquer un forfait chauffage de trente euros (30 \u20ac) pour toute location entre le 1<sup>er<\/sup> octobre et le 1<sup>er<\/sup> mai<\/li><li>De demander un ch\u00e8que de caution pour la salle de mille euros (1\u00a0000 \u20ac) et de cent euros (100 \u20ac) pour le m\u00e9nage<\/li><li>De r\u00e9gir chaque location par une convention et un r\u00e8glement int\u00e9rieur.<\/li><\/ul>\t\t\t\t\t\t<\/div>\n\t\t\t\t<\/div>\n\t\t\t\t\t<\/div>\n\t\t<\/div>\n\t\t\t\t\t\t\t<\/div>\n\t\t<\/section>\n\t\t\t\t<section class=\"elementor-section elementor-top-section elementor-element elementor-element-07d19a3 elementor-section-boxed elementor-section-height-default elementor-section-height-default\" data-id=\"07d19a3\" data-element_type=\"section\">\n\t\t\t\t\t\t<div class=\"elementor-container elementor-column-gap-default\">\n\t\t\t\t\t<div class=\"elementor-column elementor-col-100 elementor-top-column elementor-element elementor-element-2c56ccc\" data-id=\"2c56ccc\" data-element_type=\"column\">\n\t\t\t<div class=\"elementor-widget-wrap elementor-element-populated\">\n\t\t\t\t\t\t\t\t<div class=\"elementor-element elementor-element-d2bc39b elementor-widget elementor-widget-shortcode\" data-id=\"d2bc39b\" data-element_type=\"widget\" data-widget_type=\"shortcode.default\">\n\t\t\t\t<div class=\"elementor-widget-container\">\n\t\t\t\t\t<div class=\"elementor-shortcode\"> <div id=\"form_id1717964462066\" class=\"wpbc_container wpbc_form wpbc_container_booking_form \" ><form id=\"booking_form1\" class=\"booking_form vertical\" method=\"post\" action=\"\"><div id=\"ajax_respond_insert1\" class=\"ajax_respond_insert\" style=\"display:none;\"><\/div><a name=\"bklnk1\" id=\"bklnk1\"><\/a><div id=\"booking_form_div1\" class=\"booking_form_div\"><style type=\"text\/css\">.wpbc_container_booking_form .block_hints, .wpbc_booking_form_simple.wpbc_form_center .wpbc__form__div .wpbc__row.wpbc_r_calendar,  .wpbc_booking_form_simple .wpbc__form__div .wpbc__row:not(.wpbc_r_calendar){max-width:100%;} <\/style>\n<div class=\"wpbc_booking_form_simple \">\n  <div class=\"wpbc_wizard_step wpbc__form__div wpbc_wizard_step1\">\n    <div class=\"wpbc__row\">\n\t\t\t<div style=\"margin-top:0;\" class=\"wpbc__field\"> \n\t<div class=\"wpbc_r_calendar wpbc__row\">\n      <div class=\"wpbc_r_calendar wpbc__field\">  <label for=\"calendar1\">Selectionnez vos dates*<\/label><br><div class=\"wpbc_calendar_wraper wpbc_change_over_triangle\"><div class=\"wpbc_cal_container bk_calendar_frame wpbc_no_custom_width  months_num_in_row_ cal_month_num_1\" style=\"\"><div id=\"calendar_booking1\"  class=\"wpbc_calendar_id_1\" >\n<style id=\"wpbc-inline-css-wpbc_calendar_loader_inline_css\">\n\/* Critical loader styles (scoped by class names) *\/\r\n\t.calendar_loader_frame {\r\n\t\twidth: calc(341px * var(--wpbc-loader-cols, 1));\r\n\t\tmax-width: 100%;\r\n\t\theight: 307px;\r\n\t\tdisplay: flex;\r\n\t\tflex-flow: column nowrap;\r\n\t\talign-items: center;\r\n\t\tjustify-content: center;\r\n\t\tborder-radius: 5px;\r\n\t\tbox-shadow: 0 0 2px #ccc;\r\n\t\tgap: 15px;\r\n\t\t\/* Calendar variables (safe fallbacks) *\/\r\n\t\tcolor: var(--wpbc_cal-available-text-color, #2c3e50);\r\n\t\tbackground: rgb(from var(--wpbc_cal-available-day-color, #e6f2ff) r g b \/ var(--wpbc_cal-day-bg-color-opacity, 1));\r\n\t\tborder: var(--wpbc_cal-day-cell-border-width, 1px) solid var(--wpbc_cal-available-day-color, #aacbeb);\r\n\t}\r\n\t.calendar_loader_text {\r\n\t\tfont-size: 18px;\r\n\t\ttext-align: center;\r\n\t}\r\n\t.calendar_loader_frame__progress_line_container {\r\n\t\twidth: 50%;\r\n\t\theight: 3px;\r\n\t\tmargin-top: 7px;\r\n\t\toverflow: hidden;\r\n\t\tbackground: #202020;\r\n\t\tborder-radius: 30px;\r\n\t}\r\n\t.calendar_loader_frame__progress_line {\r\n\t\twidth: 0%;\r\n\t\theight: 3px;\r\n\t\tbackground: #8ECE01;\r\n\t\tborder-radius: 30px;\r\n\t\tanimation: calendar_loader_bar_progress 3s infinite linear;\r\n\t}\r\n\t@keyframes calendar_loader_bar_progress {\r\n\t\tto { width: 100%; }\r\n\t}\r\n\t@media (prefers-reduced-motion: reduce) {\r\n\t\t.calendar_loader_frame__progress_line {\r\n\t\t\tanimation: none;\r\n\t\t\twidth: 50%;\r\n\t\t}\r\n\t}\n<\/style>\n\t<style id=\"wpbc_calendar_loader_inline_css\">\r\n\t\/* Critical loader styles (scoped by class names) *\/\r\n\t.calendar_loader_frame {\r\n\t\twidth: calc(341px * var(--wpbc-loader-cols, 1));\r\n\t\tmax-width: 100%;\r\n\t\theight: 307px;\r\n\t\tdisplay: flex;\r\n\t\tflex-flow: column nowrap;\r\n\t\talign-items: center;\r\n\t\tjustify-content: center;\r\n\t\tborder-radius: 5px;\r\n\t\tbox-shadow: 0 0 2px #ccc;\r\n\t\tgap: 15px;\r\n\t\t\/* Calendar variables (safe fallbacks) *\/\r\n\t\tcolor: var(--wpbc_cal-available-text-color, #2c3e50);\r\n\t\tbackground: rgb(from var(--wpbc_cal-available-day-color, #e6f2ff) r g b \/ var(--wpbc_cal-day-bg-color-opacity, 1));\r\n\t\tborder: var(--wpbc_cal-day-cell-border-width, 1px) solid var(--wpbc_cal-available-day-color, #aacbeb);\r\n\t}\r\n\t.calendar_loader_text {\r\n\t\tfont-size: 18px;\r\n\t\ttext-align: center;\r\n\t}\r\n\t.calendar_loader_frame__progress_line_container {\r\n\t\twidth: 50%;\r\n\t\theight: 3px;\r\n\t\tmargin-top: 7px;\r\n\t\toverflow: hidden;\r\n\t\tbackground: #202020;\r\n\t\tborder-radius: 30px;\r\n\t}\r\n\t.calendar_loader_frame__progress_line {\r\n\t\twidth: 0%;\r\n\t\theight: 3px;\r\n\t\tbackground: #8ECE01;\r\n\t\tborder-radius: 30px;\r\n\t\tanimation: calendar_loader_bar_progress 3s infinite linear;\r\n\t}\r\n\t@keyframes calendar_loader_bar_progress {\r\n\t\tto { width: 100%; }\r\n\t}\r\n\t@media (prefers-reduced-motion: reduce) {\r\n\t\t.calendar_loader_frame__progress_line {\r\n\t\t\tanimation: none;\r\n\t\t\twidth: 50%;\r\n\t\t}\r\n\t}\r\n\t<\/style>\r\n\t\t<div class=\"calendar_loader_frame calendar_loader_frame1\"\r\n\t\tdata-wpbc-rid=\"1\"\r\n\t\tdata-wpbc-grace=\"8000\"\r\n\t\tstyle=\"--wpbc-loader-cols: 1;\"\r\n\t>\r\n\t\t<div class=\"calendar_loader_text\">Loading...<\/div>\r\n\t\t<div class=\"calendar_loader_frame__progress_line_container\">\r\n\t\t\t<div class=\"calendar_loader_frame__progress_line\"><\/div>\r\n\t\t<\/div>\r\n\t<\/div>\r\n\t<\/div><\/div><div style=\"font-size:7px;text-align:left;margin:0 0 10px;text-shadow: none;\">Powered by <a href=\"https:\/\/wpbookingcalendar.com\" style=\"font-size:7px;\" target=\"_blank\" title=\"Booking Calendar plugin for WordPress\">Booking Calendar<\/a><\/div><textarea id=\"date_booking1\" name=\"date_booking1\" autocomplete=\"off\" style=\"display:none;\"><\/textarea><div class=\"block_hints datepick \"><div class=\"wpdev_hint_with_text\"><div class=\"\"><div class=\"datepick-inline wpbc_calendar_legend_table_width_height\"><table class=\"datepick wpbc_calendar\" style=\"\"><tbody><tr><td class=\"datepick-days-cell date_available wpbc_calendar_legend_day_cell_height\"><div class=\"wpbc-cell-box\">\t<div class=\"date-cell-content\">\t\t<div class=\"date-content-top\"><\/div>\t\t<a>&nbsp;<\/a>\t\t<div class=\"date-content-bottom\"><\/div>\t<\/div><\/div><\/td><\/tr><\/tbody><\/table><\/div><\/div><div class=\"block_text\">- <\/div><div class=\"block_text\">Disponible<\/div><\/div><div class=\"wpdev_hint_with_text\"><div class=\"\"><div class=\"datepick-inline wpbc_calendar_legend_table_width_height\"><table class=\"datepick wpbc_calendar\" style=\"\"><tbody><tr><td class=\"datepick-days-cell datepick-unselectable date_user_unavailable full_day_booking date_approved wpbc_calendar_legend_day_cell_height\"><div class=\"wpbc-cell-box\">\t<div class=\"date-cell-content\">\t\t<div class=\"date-content-top\"><\/div>\t\t<span>&nbsp;<\/span>\t\t<div class=\"date-content-bottom\"><\/div>\t<\/div><\/div><\/td><\/tr><\/tbody><\/table><\/div><\/div><div class=\"block_text\">- <\/div><div class=\"block_text\">R\u00e9serv\u00e9<\/div><\/div><div class=\"wpdev_hint_with_text\"><div class=\"\"><div class=\"datepick-inline wpbc_calendar_legend_table_width_height\"><table class=\"datepick wpbc_calendar\" style=\"\"><tbody><tr><td class=\"datepick-days-cell datepick-unselectable date_user_unavailable full_day_booking date2approve wpbc_calendar_legend_day_cell_height\"><div class=\"wpbc-cell-box\">\t<div class=\"date-cell-content\">\t\t<div class=\"date-content-top\"><\/div>\t\t<span>&nbsp;<\/span>\t\t<div class=\"date-content-bottom\"><\/div>\t<\/div><\/div><\/td><\/tr><\/tbody><\/table><\/div><\/div><div class=\"block_text\">- <\/div><div class=\"block_text\">En attente<\/div><\/div><div class=\"wpdev_hint_with_text\"><div class=\"\"><span class=\" wpbc_change_over_triangle\"><div class=\"datepick-inline wpbc_calendar_legend_table_width_height\"><table class=\"datepick wpbc_calendar\" style=\"\"><tbody><tr><td class=\"datepick-days-cell date_available date2approve timespartly times_clock wpbc_calendar_legend_day_cell_height\"><div class=\"wpbc-cell-box\">\t<div class=\"wpbc-diagonal-el\">\t\t<div class=\"wpbc-co-out\"><svg height=\"100%\" width=\"100%\" viewBox=\"0 0 100 100\" preserveAspectRatio=\"none\"><polygon points=\"0,0 0,99 99,0\"><\/polygon><polygon points=\"0,0 0,100 49,100 49,0\"><\/polygon><\/svg><\/div>\t\t<div class=\"wpbc-co-in\"><svg height=\"100%\" width=\"100%\" viewBox=\"0 0 98 98\" preserveAspectRatio=\"none\"><polygon points=\"0,99 99,99 99,0\"><\/polygon><polygon points=\"50,98 98,98 98,0 50,0\"><\/polygon><\/svg><\/div>\t<\/div>\t<div class=\"date-cell-content\">\t\t<div class=\"date-content-top\"><div class=\"wpbc_time_dots\">\u00b7<\/div><\/div>\t\t<a>&nbsp;<\/a>\t\t<div class=\"date-content-bottom\"><\/div>\t<\/div><\/div><\/td><\/tr><\/tbody><\/table><\/div><\/span><\/div><div class=\"block_text\">- <\/div><div class=\"block_text\">Partiellement r\u00e9serv\u00e9<\/div><\/div><div class=\"wpdev_hint_with_text\"><div class=\"\"><div class=\"datepick-inline wpbc_calendar_legend_table_width_height\"><table class=\"datepick wpbc_calendar\" style=\"\"><tbody><tr><td class=\"datepick-days-cell datepick-unselectable date_user_unavailable wpbc_calendar_legend_day_cell_height\"><div class=\"wpbc-cell-box\">\t<div class=\"date-cell-content\">\t\t<div class=\"date-content-top\"><\/div>\t\t<span>&nbsp;<\/span>\t\t<div class=\"date-content-bottom\"><\/div>\t<\/div><\/div><\/td><\/tr><\/tbody><\/table><\/div><\/div><div class=\"block_text\">- <\/div><div class=\"block_text\">Non disponible<\/div><\/div><\/div><\/div><\/div>\n\t<\/div>\n\t\t<\/div>\n\t\t\t<div style=\"margin-top:0;\" class=\"wpbc__field\"> \n\t<div class=\"wpbc__row\">\n      <div class=\"wpbc_r_rangetime wpbc__field\">  <label for=\"rangetime1\">S\u00e9lectionnez vos cr\u00e9neaux*<\/label><br>   <select name=\"rangetime1\" id=\"rangetime1\" class=\"input-xlarge wpdev-validates-as-required\" >  <option value=\"07:00 - 08:00\" >7:00 - 8:00<\/option>  <option value=\"08:00 - 09:00\" >8:00 - 9:00<\/option>  <option value=\"09:00 - 10:00\" >9:00  - 10:00<\/option>  <option value=\"10:00 - 11:00\" >10:00  - 11:00<\/option>  <option value=\"11:00 - 12:00\" >11:00  - 12:00<\/option>  <option value=\"12:00 - 13:00\" >12:00 - 13:00<\/option>  <option value=\"13:00 - 14:00\" >13:00 - 14:00<\/option>  <option value=\"14:00 - 15:00\" >14:00 - 15:00<\/option>  <option value=\"15:00 - 16:00\" >15:00 - 16:00<\/option>  <option value=\"16:00 - 17:00\" >16:00 - 17:00<\/option>  <option value=\"17:00 - 18:00\" >17:00 - 18:00<\/option>  <option value=\"18:00 - 19:00\" >18:00 - 19:00<\/option>  <option value=\"19:00 - 20:00\" >19:00 - 20:00<\/option>  <option value=\"20:00 - 21:00\" >20:00 - 21:00<\/option>     <\/select><\/div>\n\t<\/div>\n\t\t<\/div>\n\t\t<\/div>\n\t\t<hr><div style=\"flex-flow: row nowrap;\" class=\"wpbc__row\">\n\t\t\t<div style=\"justify-content: flex-end;\" class=\"wpbc__field\">\n     \t\t\t<a class=\"wpbc_button_light wpbc_wizard_step_button wpbc_wizard_step_2\" >\n\t\t\t\tSuivant\n\t\t\t\t<\/a>\n\t\t\t<\/div>\n\t\t<\/div>\n  <\/div>\n  <div class=\"wpbc_wizard_step wpbc__form__div wpbc_wizard_step2 wpbc_wizard_step_hidden\" style=\"display:none;clear:both;\">\n    <div class=\"wpbc__form__div\">\n\t<div class=\"wpbc__row\">\n      <div class=\"wpbc_r_name wpbc__field\">  <label for=\"name1\">Pr\u00e9nom*<\/label><br>   <input type=\"text\" name=\"name1\" id=\"name1\" class=\"input-xlarge wpdev-validates-as-required\" \/><\/div>\n\t<\/div>\n\t<div class=\"wpbc__row\">\n      <div class=\"wpbc_r_secondname wpbc__field\">  <label for=\"secondname1\">Nom*<\/label><br>   <input type=\"text\" name=\"secondname1\" id=\"secondname1\" class=\"input-xlarge wpdev-validates-as-required\" \/><\/div>\n\t<\/div>\n\t<div class=\"wpbc__row\">\n      <div class=\"wpbc_r_email wpbc__field\">  <label for=\"email1\">Email*<\/label><br>   <input type=\"email\" name=\"email1\" id=\"email1\" class=\"input-xlarge wpdev-validates-as-email wpdev-validates-as-required wpdev-validates-as-required\" \/><\/div>\n\t<\/div>\n\t<div class=\"wpbc__row\">\n      <div class=\"wpbc_r_phone wpbc__field\">  <label for=\"phone1\">T\u00e9l\u00e9phone<\/label><br>   <input type=\"text\" name=\"phone1\" id=\"phone1\" class=\"input-xlarge\" \/><\/div>\n\t<\/div>\n\t<div class=\"wpbc__row\">\n      <div class=\"wpbc_r_details wpbc__field\">  <label for=\"details1\">D\u00e9tails<\/label><br>   <textarea  rows=\"3\" name=\"details1\" id=\"details1\" class=\"input-xlarge\" ><\/textarea><\/div>\n\t<\/div>\n    <\/div>\n    <hr><div style=\"flex-flow: row nowrap;\" class=\"wpbc__row\">\n\t\t\t<div style=\"justify-content: flex-start;\" class=\"wpbc__field\">\n     \t\t<a class=\"wpbc_button_light wpbc_wizard_step_button wpbc_wizard_step_1\" >\n\t\t\t\tRetour\n\t\t\t\t<\/a>\n\t\t\t<\/div>\n\t\t<div style=\"justify-content: flex-end;\" class=\"wpbc__field\">\n         <button class=\"wpbc_button_light\" type=\"button\" onclick=\"wpbc_booking_form_submit(this.form,1,'fr_FR');\" >Envoyer<\/button>\t\t<\/div>\n    <\/div>\n  <\/div>\n<\/div><input id=\"bk_type1\" name=\"bk_type1\" class=\"\" type=\"hidden\" value=\"1\" \/><\/div><div id=\"submiting1\"><\/div><div class=\"form_bk_messages\" id=\"form_bk_messages1\" ><\/div><input type=\"hidden\" id=\"wpbc_nonceCALCULATE_THE_COST1\" name=\"wpbc_nonceCALCULATE_THE_COST1\" value=\"7265afb8a6\" \/><input type=\"hidden\" name=\"_wp_http_referer\" value=\"\/index.php\/wp-json\/wp\/v2\/pages\/3182\" \/><\/form><\/div><div id=\"booking_form_garbage1\" class=\"booking_form_garbage\"><\/div>\n<script id=\"wpbc-inline-js-wpbc-dup-calendar-warn-1\" type=\"text\/javascript\">\n(function() { var a = setInterval( function() {  if ( ( 'undefined' === typeof _wpbc ) || ( 'undefined' === typeof jQuery ) || ! window.jQuery ) { return; } clearInterval( a ); jQuery( document ).ready( function (){\njQuery(\".widget_wpdev_booking .booking_form.form-horizontal\").removeClass(\"form-horizontal\");\nvar calendars__on_this_page_list = _wpbc.get_other_param(\"calendars__on_this_page\") || [];\nvar visible_calendars_count = calendars__on_this_page_list.length;\nif (visible_calendars_count !== null) {\n  for (var i=0; i<visible_calendars_count; i++) {\n    if (_wpbc.get_other_param(\"calendars__on_this_page\")[i] === 1) {\n      console.log(\"%c%s\", \"color: #e77; font-weight:bold\", \"Warning! The booking calendar for this resource with the ID = 1 is already on the page. Find more details here: https:\\\/\\\/wpbookingcalendar.com\\\/faq\\\/why-the-booking-calendar-widget-not-show-on-page\\\/\");\n    }\n  }\n  _wpbc.get_other_param(\"calendars__on_this_page\")[visible_calendars_count] = 1;\n};\n} ); }, 500 ); })();\n<\/script>\n <script type=\"text\/javascript\"> (function() { var a = setInterval( function() {  if ( ( 'undefined' === typeof _wpbc ) || ( 'undefined' === typeof jQuery ) || ! window.jQuery ) { return; } clearInterval( a ); jQuery( document ).ready( function (){ _wpbc.balancer__set_max_threads( 3 );  _wpbc.calendar__set_param_value( 1 , 'calendar_scroll_to' , false );  _wpbc.calendar__set_param_value( 1 , 'calendar_dates_start' , \"\" );  _wpbc.calendar__set_param_value( 1 , 'calendar_dates_end'   , \"\" );  _wpbc.calendar__set_param_value( 1 , 'booking_max_monthes_in_calendar' , \"2y\" );  _wpbc.calendar__set_param_value( 1 , 'booking_start_day_weeek' , \"1\" );  _wpbc.calendar__set_param_value( 1 , 'calendar_number_of_months' , \"1\" );  _wpbc.calendar__set_param_value( 1, 'days_select_mode', \"single\" );  _wpbc.calendar__set_param_value( 1, 'fixed__days_num', 0 );  _wpbc.calendar__set_param_value( 1, 'fixed__week_days__start',   [] );  _wpbc.calendar__set_param_value( 1, 'dynamic__days_min', 0 );  _wpbc.calendar__set_param_value( 1, 'dynamic__days_max', 0 );  _wpbc.calendar__set_param_value( 1, 'dynamic__days_specific',    [] );  _wpbc.calendar__set_param_value( 1, 'dynamic__week_days__start', [] );  _wpbc.calendar__set_param_value( 1, 'booking_date_format', \"j M Y\" );  _wpbc.calendar__set_param_value( 1, 'booking_time_format', \"H:i\" );  if ( 'function' === typeof ( wpbc__conditions__SAVE_INITIAL__days_selection_params__bm ) ) { wpbc__conditions__SAVE_INITIAL__days_selection_params__bm( 1 ); }  wpbc_calendar_show(\"1\");  _wpbc.set_secure_param('nonce', \"c583e24e3a\");  _wpbc.set_secure_param('user_id', \"0\");  _wpbc.set_secure_param('locale', \"fr_FR\");  wpbc_calendar__load_data__ajx({\"resource_id\":1,\"booking_hash\":\"\",\"request_uri\":\"\\\/index.php\\\/wp-json\\\/wp\\\/v2\\\/pages\\\/3182\",\"custom_form\":\"standard\",\"aggregate_resource_id_str\":\"\",\"aggregate_type\":\"all\"}); } ); }, 500 ); })();<\/script><\/div>\n\t\t\t\t<\/div>\n\t\t\t\t<\/div>\n\t\t\t\t\t<\/div>\n\t\t<\/div>\n\t\t\t\t\t\t\t<\/div>\n\t\t<\/section>\n\t\t\t\t<section class=\"elementor-section elementor-top-section elementor-element elementor-element-4203e62 elementor-section-boxed elementor-section-height-default elementor-section-height-default\" data-id=\"4203e62\" data-element_type=\"section\">\n\t\t\t\t\t\t<div class=\"elementor-container elementor-column-gap-default\">\n\t\t\t\t\t<div class=\"elementor-column elementor-col-100 elementor-top-column elementor-element elementor-element-31317ee\" data-id=\"31317ee\" data-element_type=\"column\">\n\t\t\t<div class=\"elementor-widget-wrap elementor-element-populated\">\n\t\t\t\t\t\t\t\t<div class=\"elementor-element elementor-element-63a29a0 elementor-widget elementor-widget-html\" data-id=\"63a29a0\" data-element_type=\"widget\" data-widget_type=\"html.default\">\n\t\t\t\t<div class=\"elementor-widget-container\">\n\t\t\t<!DOCTYPE html>\n<html>\n<head>\n<style>\ntable, th, td {\n  border: 1px solid black;\n}\n<\/style>\n<\/head>\n<body>\n\n<h3>Conditions tarifaires<\/h3>\n<table>\n  <tr>\n    <th rowspan=\"2\" style=\"text-align:center\">Salles<\/th>\n    <th colspan=\"2\" style=\"text-align:center\">Weekend<\/th>\n    <th colspan=\"2\" style=\"text-align:center\">En semaine<\/th>\n  <\/tr>\n  <tr>\n    <td style=\"text-align:center\">Habitants de Queyri\u00e8res<\/td>\n    <td style=\"text-align:center\">Hors Queyri\u00e8res<\/td>\n    <td style=\"text-align:center\">Demi-journ\u00e9e<\/td>\n    <td style=\"text-align:center\">Journ\u00e9e enti\u00e8re<\/td>\n  <\/tr>\n  <tr>\n      <td>Salle du haut<\/td>\n      <td style=\"text-align:center\">125 \u20ac<\/td>\n      <td style=\"text-align:center\">160 \u20ac<\/td>\n      <td style=\"text-align:center\">50 \u20ac<\/td>\n      <td style=\"text-align:center\">100 \u20ac<\/td>\n  <\/tr>\n  <tr>\n      <td>Salle du bas<\/td>\n      <td style=\"text-align:center\">75 \u20ac<\/td>\n      <td style=\"text-align:center\">120 \u20ac<\/td>\n      <td style=\"text-align:center\">30 \u20ac<\/td>\n      <td style=\"text-align:center\">60 \u20ac<\/td>\n  <\/tr>\n  <tr>\n      <td>Salle haut et bas<\/td>\n      <td style=\"text-align:center\">180 \u20ac<\/td>\n      <td style=\"text-align:center\">220 \u20ac<\/td>\n      <td style=\"text-align:center\">Pas de location<\/td>\n      <td style=\"text-align:center\">Pas de location<\/td>\n  <\/tr>  \n<\/table>\n\n<\/body>\n<\/html>\n\t\t<\/div>\n\t\t\t\t<\/div>\n\t\t\t\t\t<\/div>\n\t\t<\/div>\n\t\t\t\t\t\t\t<\/div>\n\t\t<\/section>\n\t\t\t\t\t\t\t<\/div>\n\t\t","protected":false},"excerpt":{"rendered":"<p>Le conseil municipal, apr\u00e8s avoir d\u00e9lib\u00e9r\u00e9 \u00e0 l\u2019unanimit\u00e9, d\u00e9cide : De mettre les salles \u00e0 disposition des associations de Queyri\u00e8res et lors des enterrements, De louer selon les conditions tarifaires pr\u00e9sent\u00e9es ci-dessous, D\u2019appliquer un forfait chauffage de trente euros (30 \u20ac) pour toute location entre le 1er octobre et le 1er mai De demander un&hellip;&nbsp;<a href=\"https:\/\/queyrieres.fr\/index.php\/vivre-ensemble\/la-salle-des-fetes\/\" rel=\"bookmark\">Lire la suite &raquo;<span class=\"screen-reader-text\">La salle des f\u00eates<\/span><\/a><\/p>\n","protected":false},"author":1,"featured_media":0,"parent":160,"menu_order":0,"comment_status":"closed","ping_status":"closed","template":"page-templates\/template-pagebuilder-full-width.php","meta":{"neve_meta_sidebar":"full-width","neve_meta_container":"","neve_meta_enable_content_width":"on","neve_meta_content_width":100,"neve_meta_title_alignment":"","neve_meta_author_avatar":"","neve_post_elements_order":"","neve_meta_disable_header":"","neve_meta_disable_footer":"","neve_meta_disable_title":"","footnotes":""},"class_list":["post-3182","page","type-page","status-publish","hentry"],"publishpress_future_action":{"enabled":false,"date":"2026-04-26 11:46:38","action":"change-status","newStatus":"draft","terms":[],"taxonomy":""},"publishpress_future_workflow_manual_trigger":{"enabledWorkflows":[]},"_links":{"self":[{"href":"https:\/\/queyrieres.fr\/index.php\/wp-json\/wp\/v2\/pages\/3182","targetHints":{"allow":["GET"]}}],"collection":[{"href":"https:\/\/queyrieres.fr\/index.php\/wp-json\/wp\/v2\/pages"}],"about":[{"href":"https:\/\/queyrieres.fr\/index.php\/wp-json\/wp\/v2\/types\/page"}],"author":[{"embeddable":true,"href":"https:\/\/queyrieres.fr\/index.php\/wp-json\/wp\/v2\/users\/1"}],"replies":[{"embeddable":true,"href":"https:\/\/queyrieres.fr\/index.php\/wp-json\/wp\/v2\/comments?post=3182"}],"version-history":[{"count":43,"href":"https:\/\/queyrieres.fr\/index.php\/wp-json\/wp\/v2\/pages\/3182\/revisions"}],"predecessor-version":[{"id":3364,"href":"https:\/\/queyrieres.fr\/index.php\/wp-json\/wp\/v2\/pages\/3182\/revisions\/3364"}],"up":[{"embeddable":true,"href":"https:\/\/queyrieres.fr\/index.php\/wp-json\/wp\/v2\/pages\/160"}],"wp:attachment":[{"href":"https:\/\/queyrieres.fr\/index.php\/wp-json\/wp\/v2\/media?parent=3182"}],"curies":[{"name":"wp","href":"https:\/\/api.w.org\/{rel}","templated":true}]}}