{"id":379,"date":"2020-12-17T11:13:34","date_gmt":"2020-12-17T10:13:34","guid":{"rendered":"http:\/\/queyrieres.fr\/?page_id=379"},"modified":"2020-12-17T11:14:05","modified_gmt":"2020-12-17T10:14:05","slug":"mentions-legales","status":"publish","type":"page","link":"https:\/\/queyrieres.fr\/index.php\/mentions-legales\/","title":{"rendered":"Mentions L\u00e9gales"},"content":{"rendered":"\t\t<div data-elementor-type=\"wp-page\" data-elementor-id=\"379\" class=\"elementor elementor-379\">\n\t\t\t\t\t\t\t\t\t<section class=\"elementor-section elementor-top-section elementor-element elementor-element-7c1c9bf elementor-section-boxed elementor-section-height-default elementor-section-height-default\" data-id=\"7c1c9bf\" data-element_type=\"section\">\n\t\t\t\t\t\t<div class=\"elementor-container elementor-column-gap-default\">\n\t\t\t\t\t<div class=\"elementor-column elementor-col-100 elementor-top-column elementor-element elementor-element-4a73902\" data-id=\"4a73902\" data-element_type=\"column\">\n\t\t\t<div class=\"elementor-widget-wrap elementor-element-populated\">\n\t\t\t\t\t\t\t\t<div class=\"elementor-element elementor-element-e15077a elementor-widget elementor-widget-spacer\" data-id=\"e15077a\" data-element_type=\"widget\" data-widget_type=\"spacer.default\">\n\t\t\t\t<div class=\"elementor-widget-container\">\n\t\t\t\t\t<div class=\"elementor-spacer\">\n\t\t\t<div class=\"elementor-spacer-inner\"><\/div>\n\t\t<\/div>\n\t\t\t\t<\/div>\n\t\t\t\t<\/div>\n\t\t\t\t\t<\/div>\n\t\t<\/div>\n\t\t\t\t\t\t\t<\/div>\n\t\t<\/section>\n\t\t\t\t<section class=\"elementor-section elementor-top-section elementor-element elementor-element-086ccea elementor-section-boxed elementor-section-height-default elementor-section-height-default\" data-id=\"086ccea\" data-element_type=\"section\">\n\t\t\t\t\t\t<div class=\"elementor-container elementor-column-gap-default\">\n\t\t\t\t\t<div class=\"elementor-column elementor-col-100 elementor-top-column elementor-element elementor-element-0699365\" data-id=\"0699365\" data-element_type=\"column\">\n\t\t\t<div class=\"elementor-widget-wrap elementor-element-populated\">\n\t\t\t\t\t\t\t\t<div class=\"elementor-element elementor-element-407fde9 elementor-widget elementor-widget-heading\" data-id=\"407fde9\" data-element_type=\"widget\" data-widget_type=\"heading.default\">\n\t\t\t\t<div class=\"elementor-widget-container\">\n\t\t\t<h1 class=\"elementor-heading-title elementor-size-default\">Mentions l\u00e9gales<\/h1>\t\t<\/div>\n\t\t\t\t<\/div>\n\t\t\t\t\t<\/div>\n\t\t<\/div>\n\t\t\t\t\t\t\t<\/div>\n\t\t<\/section>\n\t\t\t\t<section class=\"elementor-section elementor-top-section elementor-element elementor-element-52fd05f elementor-section-boxed elementor-section-height-default elementor-section-height-default\" data-id=\"52fd05f\" data-element_type=\"section\">\n\t\t\t\t\t\t<div class=\"elementor-container elementor-column-gap-default\">\n\t\t\t\t\t<div class=\"elementor-column elementor-col-100 elementor-top-column elementor-element elementor-element-99f8fc5\" data-id=\"99f8fc5\" data-element_type=\"column\">\n\t\t\t<div class=\"elementor-widget-wrap elementor-element-populated\">\n\t\t\t\t\t\t\t\t<div class=\"elementor-element elementor-element-707d637 elementor-widget elementor-widget-spacer\" data-id=\"707d637\" data-element_type=\"widget\" data-widget_type=\"spacer.default\">\n\t\t\t\t<div class=\"elementor-widget-container\">\n\t\t\t\t\t<div class=\"elementor-spacer\">\n\t\t\t<div class=\"elementor-spacer-inner\"><\/div>\n\t\t<\/div>\n\t\t\t\t<\/div>\n\t\t\t\t<\/div>\n\t\t\t\t\t<\/div>\n\t\t<\/div>\n\t\t\t\t\t\t\t<\/div>\n\t\t<\/section>\n\t\t\t\t<section class=\"elementor-section elementor-top-section elementor-element elementor-element-ae7d0a6 elementor-section-boxed elementor-section-height-default elementor-section-height-default\" data-id=\"ae7d0a6\" data-element_type=\"section\">\n\t\t\t\t\t\t<div class=\"elementor-container elementor-column-gap-default\">\n\t\t\t\t\t<div class=\"elementor-column elementor-col-100 elementor-top-column elementor-element elementor-element-d21823c\" data-id=\"d21823c\" data-element_type=\"column\">\n\t\t\t<div class=\"elementor-widget-wrap elementor-element-populated\">\n\t\t\t\t\t\t\t\t<div class=\"elementor-element elementor-element-8ba709e elementor-widget elementor-widget-heading\" data-id=\"8ba709e\" data-element_type=\"widget\" data-widget_type=\"heading.default\">\n\t\t\t\t<div class=\"elementor-widget-container\">\n\t\t\t<h3 class=\"elementor-heading-title elementor-size-default\">1 - \u00c9dition du site<\/h3>\t\t<\/div>\n\t\t\t\t<\/div>\n\t\t\t\t\t<\/div>\n\t\t<\/div>\n\t\t\t\t\t\t\t<\/div>\n\t\t<\/section>\n\t\t\t\t<section class=\"elementor-section elementor-top-section elementor-element elementor-element-698c986 elementor-section-boxed elementor-section-height-default elementor-section-height-default\" data-id=\"698c986\" data-element_type=\"section\">\n\t\t\t\t\t\t<div class=\"elementor-container elementor-column-gap-default\">\n\t\t\t\t\t<div class=\"elementor-column elementor-col-100 elementor-top-column elementor-element elementor-element-5098536\" data-id=\"5098536\" data-element_type=\"column\">\n\t\t\t<div class=\"elementor-widget-wrap elementor-element-populated\">\n\t\t\t\t\t\t\t\t<div class=\"elementor-element elementor-element-07bdd67 elementor-widget elementor-widget-text-editor\" data-id=\"07bdd67\" data-element_type=\"widget\" data-widget_type=\"text-editor.default\">\n\t\t\t\t<div class=\"elementor-widget-container\">\n\t\t\t\t\t\t\t<p><span style=\"font-weight: 400;\">En vertu de <\/span><a href=\"https:\/\/www.legifrance.gouv.fr\/affichTexte.do?cidTexte=JORFTEXT000000801164#LEGIARTI000042038977\"><span style=\"font-weight: 400;\">l&rsquo;article 6 de la loi n\u00b0 2004-575 du 21 juin 2004<\/span><\/a><span style=\"font-weight: 400;\"> pour la confiance dans l&rsquo;\u00e9conomie num\u00e9rique, il est pr\u00e9cis\u00e9 aux utilisateurs du site internet <\/span><a href=\"https:\/\/la-webeuse.com\/generateur-mentions-legales\/www.queyrieres.fr\"><span style=\"font-weight: 400;\">www.queyrieres.fr<\/span><\/a><span style=\"font-weight: 400;\"> l&rsquo;identit\u00e9 des diff\u00e9rents intervenants dans le cadre de sa r\u00e9alisation et de son suivi:<\/span><\/p><p><b>Propri\u00e9taire du site : <\/b><span style=\"font-weight: 400;\">La commune de Queyri\u00e8res &#8211; Contact : mairie.queyrieres@wanadoo.fr &#8211; Adresse : Le bourg, 43260 Queyri\u00e8res.<\/span><\/p><p><b>Identification de l&rsquo;entreprise :<\/b><span style=\"font-weight: 400;\"> La commune de Queyri\u00e8res au capital social de \u20ac &#8211; SIREN : 214301582 &#8211; RCS ou RM : &#8211; Adresse postale : Le bourg, 43260 Queyri\u00e8res.<\/span><\/p><p><b>Directeur de la publication : <\/b><span style=\"font-weight: 400;\">Commune de Queyri\u00e8res &#8211; Contact : mairie.queyrieres@wanadoo.fr.<\/span><\/p><p><b>H\u00e9bergeur :<\/b><span style=\"font-weight: 400;\"> OVH SAS &#8211; 2 rue Kellermann &#8211; BP 80157 &#8211; 59053 Roubaix Cedex 1 &#8211; T\u00e9l\u00e9phone : 1007<\/span><\/p>\t\t\t\t\t\t<\/div>\n\t\t\t\t<\/div>\n\t\t\t\t\t<\/div>\n\t\t<\/div>\n\t\t\t\t\t\t\t<\/div>\n\t\t<\/section>\n\t\t\t\t<section class=\"elementor-section elementor-top-section elementor-element elementor-element-1558c48 elementor-section-boxed elementor-section-height-default elementor-section-height-default\" data-id=\"1558c48\" data-element_type=\"section\">\n\t\t\t\t\t\t<div class=\"elementor-container elementor-column-gap-default\">\n\t\t\t\t\t<div class=\"elementor-column elementor-col-100 elementor-top-column elementor-element elementor-element-a7030b6\" data-id=\"a7030b6\" data-element_type=\"column\">\n\t\t\t<div class=\"elementor-widget-wrap elementor-element-populated\">\n\t\t\t\t\t\t\t\t<div class=\"elementor-element elementor-element-63f5f7a elementor-widget elementor-widget-heading\" data-id=\"63f5f7a\" data-element_type=\"widget\" data-widget_type=\"heading.default\">\n\t\t\t\t<div class=\"elementor-widget-container\">\n\t\t\t<h3 class=\"elementor-heading-title elementor-size-default\">2 - Propri\u00e9t\u00e9 intellectuelle et contrefa\u00e7ons<\/h3>\t\t<\/div>\n\t\t\t\t<\/div>\n\t\t\t\t\t<\/div>\n\t\t<\/div>\n\t\t\t\t\t\t\t<\/div>\n\t\t<\/section>\n\t\t\t\t<section class=\"elementor-section elementor-top-section elementor-element elementor-element-59e43b3 elementor-section-boxed elementor-section-height-default elementor-section-height-default\" data-id=\"59e43b3\" data-element_type=\"section\">\n\t\t\t\t\t\t<div class=\"elementor-container elementor-column-gap-default\">\n\t\t\t\t\t<div class=\"elementor-column elementor-col-100 elementor-top-column elementor-element elementor-element-dbfc33c\" data-id=\"dbfc33c\" data-element_type=\"column\">\n\t\t\t<div class=\"elementor-widget-wrap elementor-element-populated\">\n\t\t\t\t\t\t\t\t<div class=\"elementor-element elementor-element-d18138a elementor-widget elementor-widget-text-editor\" data-id=\"d18138a\" data-element_type=\"widget\" data-widget_type=\"text-editor.default\">\n\t\t\t\t<div class=\"elementor-widget-container\">\n\t\t\t\t\t\t\t<p><b>La commune de Queyri\u00e8res<\/b><span style=\"font-weight: 400;\"> est propri\u00e9taire des droits de propri\u00e9t\u00e9 intellectuelle et d\u00e9tient les droits d\u2019usage sur tous les \u00e9l\u00e9ments accessibles sur le site internet, notamment les textes, images, graphismes, logos, vid\u00e9os, architecture, ic\u00f4nes et sons.<\/span><\/p><p><span style=\"font-weight: 400;\">Toute reproduction, repr\u00e9sentation, modification, publication, adaptation de tout ou partie des \u00e9l\u00e9ments du site, quel que soit le moyen ou le proc\u00e9d\u00e9 utilis\u00e9, est interdite, sauf autorisation \u00e9crite pr\u00e9alable de <\/span><b>La commune de Queyri\u00e8res<\/b><span style=\"font-weight: 400;\">.<\/span><\/p><p><span style=\"font-weight: 400;\">Toute exploitation non autoris\u00e9e du site ou de l\u2019un quelconque des \u00e9l\u00e9ments qu\u2019il contient sera consid\u00e9r\u00e9e comme constitutive d\u2019une contrefa\u00e7on et poursuivie conform\u00e9ment aux dispositions des articles <\/span><a href=\"https:\/\/www.legifrance.gouv.fr\/affichCodeArticle.do?idArticle=LEGIARTI000032655082&amp;cidTexte=LEGITEXT000006069414&amp;dateTexte=20160605\"><span style=\"font-weight: 400;\">L.335-2 et suivants du Code de Propri\u00e9t\u00e9 Intellectuelle<\/span><\/a><span style=\"font-weight: 400;\">.<\/span><\/p>\t\t\t\t\t\t<\/div>\n\t\t\t\t<\/div>\n\t\t\t\t\t<\/div>\n\t\t<\/div>\n\t\t\t\t\t\t\t<\/div>\n\t\t<\/section>\n\t\t\t\t<section class=\"elementor-section elementor-top-section elementor-element elementor-element-e6d0e1d elementor-section-boxed elementor-section-height-default elementor-section-height-default\" data-id=\"e6d0e1d\" data-element_type=\"section\">\n\t\t\t\t\t\t<div class=\"elementor-container elementor-column-gap-default\">\n\t\t\t\t\t<div class=\"elementor-column elementor-col-100 elementor-top-column elementor-element elementor-element-d3753bc\" data-id=\"d3753bc\" data-element_type=\"column\">\n\t\t\t<div class=\"elementor-widget-wrap elementor-element-populated\">\n\t\t\t\t\t\t\t\t<div class=\"elementor-element elementor-element-5f45ccd elementor-widget elementor-widget-heading\" data-id=\"5f45ccd\" data-element_type=\"widget\" data-widget_type=\"heading.default\">\n\t\t\t\t<div class=\"elementor-widget-container\">\n\t\t\t<h3 class=\"elementor-heading-title elementor-size-default\">3 - Limitations de responsabilit\u00e9<\/h3>\t\t<\/div>\n\t\t\t\t<\/div>\n\t\t\t\t\t<\/div>\n\t\t<\/div>\n\t\t\t\t\t\t\t<\/div>\n\t\t<\/section>\n\t\t\t\t<section class=\"elementor-section elementor-top-section elementor-element elementor-element-0aa3f90 elementor-section-boxed elementor-section-height-default elementor-section-height-default\" data-id=\"0aa3f90\" data-element_type=\"section\">\n\t\t\t\t\t\t<div class=\"elementor-container elementor-column-gap-default\">\n\t\t\t\t\t<div class=\"elementor-column elementor-col-100 elementor-top-column elementor-element elementor-element-674c2e6\" data-id=\"674c2e6\" data-element_type=\"column\">\n\t\t\t<div class=\"elementor-widget-wrap elementor-element-populated\">\n\t\t\t\t\t\t\t\t<div class=\"elementor-element elementor-element-2b2cfc8 elementor-widget elementor-widget-text-editor\" data-id=\"2b2cfc8\" data-element_type=\"widget\" data-widget_type=\"text-editor.default\">\n\t\t\t\t<div class=\"elementor-widget-container\">\n\t\t\t\t\t\t\t<p><b>La commune de Queyri\u00e8res<\/b><span style=\"font-weight: 400;\"> ne pourra \u00eatre tenu pour responsable des dommages directs et indirects caus\u00e9s au mat\u00e9riel de l\u2019utilisateur, lors de l\u2019acc\u00e8s au site <\/span><a href=\"https:\/\/la-webeuse.com\/generateur-mentions-legales\/www.queyrieres.fr\"><span style=\"font-weight: 400;\">www.queyrieres.fr<\/span><\/a><span style=\"font-weight: 400;\">.<\/span><\/p><p><b>La commune de Queyri\u00e8res<\/b><span style=\"font-weight: 400;\"> d\u00e9cline toute responsabilit\u00e9 quant \u00e0 l\u2019utilisation qui pourrait \u00eatre faite des informations et contenus pr\u00e9sents sur <\/span><a href=\"https:\/\/la-webeuse.com\/generateur-mentions-legales\/www.queyrieres.fr\"><span style=\"font-weight: 400;\">www.queyrieres.fr<\/span><\/a><span style=\"font-weight: 400;\">.<\/span><\/p><p><b>La commune de Queyri\u00e8res<\/b><span style=\"font-weight: 400;\"> s\u2019engage \u00e0 s\u00e9curiser au mieux le site <\/span><a href=\"https:\/\/la-webeuse.com\/generateur-mentions-legales\/www.queyrieres.fr\"><span style=\"font-weight: 400;\">www.queyrieres.fr<\/span><\/a><span style=\"font-weight: 400;\">, cependant sa responsabilit\u00e9 ne pourra \u00eatre mise en cause si des donn\u00e9es ind\u00e9sirables sont import\u00e9es et install\u00e9es sur son site \u00e0 son insu.<\/span><\/p><p><span style=\"font-weight: 400;\">Des espaces interactifs (espace contact ou commentaires) sont \u00e0 la disposition des utilisateurs. <\/span><b>La commune de Queyri\u00e8res<\/b><span style=\"font-weight: 400;\"> se r\u00e9serve le droit de supprimer, sans mise en demeure pr\u00e9alable, tout contenu d\u00e9pos\u00e9 dans cet espace qui contreviendrait \u00e0 la l\u00e9gislation applicable en France, en particulier aux dispositions relatives \u00e0 la protection des donn\u00e9es.<\/span><\/p><p><span style=\"font-weight: 400;\">Le cas \u00e9ch\u00e9ant, <\/span><b>La commune de Queyri\u00e8res<\/b><span style=\"font-weight: 400;\"> se r\u00e9serve \u00e9galement la possibilit\u00e9 de mettre en cause la responsabilit\u00e9 civile et\/ou p\u00e9nale de l\u2019utilisateur, notamment en cas de message \u00e0 caract\u00e8re raciste, injurieux, diffamant, ou pornographique, quel que soit le support utilis\u00e9 (texte, photographie \u2026).<\/span><\/p>\t\t\t\t\t\t<\/div>\n\t\t\t\t<\/div>\n\t\t\t\t\t<\/div>\n\t\t<\/div>\n\t\t\t\t\t\t\t<\/div>\n\t\t<\/section>\n\t\t\t\t<section class=\"elementor-section elementor-top-section elementor-element elementor-element-8209b39 elementor-section-boxed elementor-section-height-default elementor-section-height-default\" data-id=\"8209b39\" data-element_type=\"section\">\n\t\t\t\t\t\t<div class=\"elementor-container elementor-column-gap-default\">\n\t\t\t\t\t<div class=\"elementor-column elementor-col-100 elementor-top-column elementor-element elementor-element-0897df4\" data-id=\"0897df4\" data-element_type=\"column\">\n\t\t\t<div class=\"elementor-widget-wrap elementor-element-populated\">\n\t\t\t\t\t\t\t\t<div class=\"elementor-element elementor-element-306bf57 elementor-widget elementor-widget-heading\" data-id=\"306bf57\" data-element_type=\"widget\" data-widget_type=\"heading.default\">\n\t\t\t\t<div class=\"elementor-widget-container\">\n\t\t\t<h3 class=\"elementor-heading-title elementor-size-default\">4 - CNIL et gestion des donn\u00e9es personnelles<\/h3>\t\t<\/div>\n\t\t\t\t<\/div>\n\t\t\t\t\t<\/div>\n\t\t<\/div>\n\t\t\t\t\t\t\t<\/div>\n\t\t<\/section>\n\t\t\t\t<section class=\"elementor-section elementor-top-section elementor-element elementor-element-dfb101c elementor-section-boxed elementor-section-height-default elementor-section-height-default\" data-id=\"dfb101c\" data-element_type=\"section\">\n\t\t\t\t\t\t<div class=\"elementor-container elementor-column-gap-default\">\n\t\t\t\t\t<div class=\"elementor-column elementor-col-100 elementor-top-column elementor-element elementor-element-cee5d04\" data-id=\"cee5d04\" data-element_type=\"column\">\n\t\t\t<div class=\"elementor-widget-wrap elementor-element-populated\">\n\t\t\t\t\t\t\t\t<div class=\"elementor-element elementor-element-6d16c2f elementor-widget elementor-widget-text-editor\" data-id=\"6d16c2f\" data-element_type=\"widget\" data-widget_type=\"text-editor.default\">\n\t\t\t\t<div class=\"elementor-widget-container\">\n\t\t\t\t\t\t\t<p><span style=\"font-weight: 400;\">Conform\u00e9ment aux dispositions de <\/span><a href=\"https:\/\/www.legifrance.gouv.fr\/affichTexte.do?cidTexte=JORFTEXT000000886460\"><span style=\"font-weight: 400;\">la loi 78-17 du 6 janvier 1978 modifi\u00e9e<\/span><\/a><span style=\"font-weight: 400;\">, l\u2019utilisateur du site <\/span><a href=\"https:\/\/la-webeuse.com\/generateur-mentions-legales\/www.queyrieres.fr\"><span style=\"font-weight: 400;\">www.queyrieres.fr<\/span><\/a><span style=\"font-weight: 400;\"> dispose d\u2019un droit d\u2019acc\u00e8s, de modification et de suppression des informations collect\u00e9es. Pour exercer ce droit, envoyez un message \u00e0 notre D\u00e9l\u00e9gu\u00e9 \u00e0 la Protection des Donn\u00e9es : &#8211; .<\/span><\/p><p><span style=\"font-weight: 400;\">Pour plus d&rsquo;informations sur la fa\u00e7on dont nous traitons vos donn\u00e9es (type de donn\u00e9es, finalit\u00e9, destinataire&#8230;), lisez notre <\/span><a href=\"https:\/\/queyrieres.fr\/index.php\/politique-de-confidentialite\/\"><span style=\"font-weight: 400;\">Politique de Confidentialit\u00e9<\/span><\/a><span style=\"font-weight: 400;\">.<\/span><\/p><p><span style=\"font-weight: 400;\">Il est \u00e9galement possible de <\/span><a href=\"https:\/\/www.cnil.fr\/fr\/plaintes\"><span style=\"font-weight: 400;\">d\u00e9poser une r\u00e9clamation aupr\u00e8s de la CNIL<\/span><\/a><span style=\"font-weight: 400;\">.<\/span><\/p>\t\t\t\t\t\t<\/div>\n\t\t\t\t<\/div>\n\t\t\t\t\t<\/div>\n\t\t<\/div>\n\t\t\t\t\t\t\t<\/div>\n\t\t<\/section>\n\t\t\t\t<section class=\"elementor-section elementor-top-section elementor-element elementor-element-44ae05c elementor-section-boxed elementor-section-height-default elementor-section-height-default\" data-id=\"44ae05c\" data-element_type=\"section\">\n\t\t\t\t\t\t<div class=\"elementor-container elementor-column-gap-default\">\n\t\t\t\t\t<div class=\"elementor-column elementor-col-100 elementor-top-column elementor-element elementor-element-5afd70e\" data-id=\"5afd70e\" data-element_type=\"column\">\n\t\t\t<div class=\"elementor-widget-wrap elementor-element-populated\">\n\t\t\t\t\t\t\t\t<div class=\"elementor-element elementor-element-3878744 elementor-widget elementor-widget-heading\" data-id=\"3878744\" data-element_type=\"widget\" data-widget_type=\"heading.default\">\n\t\t\t\t<div class=\"elementor-widget-container\">\n\t\t\t<h3 class=\"elementor-heading-title elementor-size-default\">5 - Liens hypertextes et cookies<\/h3>\t\t<\/div>\n\t\t\t\t<\/div>\n\t\t\t\t\t<\/div>\n\t\t<\/div>\n\t\t\t\t\t\t\t<\/div>\n\t\t<\/section>\n\t\t\t\t<section class=\"elementor-section elementor-top-section elementor-element elementor-element-bd132fb elementor-section-boxed elementor-section-height-default elementor-section-height-default\" data-id=\"bd132fb\" data-element_type=\"section\">\n\t\t\t\t\t\t<div class=\"elementor-container elementor-column-gap-default\">\n\t\t\t\t\t<div class=\"elementor-column elementor-col-100 elementor-top-column elementor-element elementor-element-fd0232f\" data-id=\"fd0232f\" data-element_type=\"column\">\n\t\t\t<div class=\"elementor-widget-wrap elementor-element-populated\">\n\t\t\t\t\t\t\t\t<div class=\"elementor-element elementor-element-370c94e elementor-widget elementor-widget-text-editor\" data-id=\"370c94e\" data-element_type=\"widget\" data-widget_type=\"text-editor.default\">\n\t\t\t\t<div class=\"elementor-widget-container\">\n\t\t\t\t\t\t\t<p><span style=\"font-weight: 400;\">Le site <\/span><a href=\"http:\/\/www.queyrieres.fr\/\"><span style=\"font-weight: 400;\">www.queyrieres.fr<\/span><\/a><span style=\"font-weight: 400;\"> contient des liens hypertextes vers d\u2019autres sites et d\u00e9gage toute responsabilit\u00e9 \u00e0 propos de ces liens externes ou des liens cr\u00e9\u00e9s par d\u2019autres sites vers <\/span><a href=\"http:\/\/www.queyrieres.fr\/\"><span style=\"font-weight: 400;\">www.queyrieres.fr<\/span><\/a><span style=\"font-weight: 400;\">.<\/span><\/p><p><span style=\"font-weight: 400;\">La navigation sur le site <\/span><a href=\"https:\/\/la-webeuse.com\/generateur-mentions-legales\/www.queyrieres.fr\"><span style=\"font-weight: 400;\">www.queyrieres.fr<\/span><\/a><span style=\"font-weight: 400;\"> est susceptible de provoquer l\u2019installation de cookie(s) sur l\u2019ordinateur de l\u2019utilisateur.<\/span><\/p><p><span style=\"font-weight: 400;\">Un \u00ab\u00a0cookie\u00a0\u00bb est un fichier de petite taille qui enregistre des informations relatives \u00e0 la navigation d\u2019un utilisateur sur un site. Les donn\u00e9es ainsi obtenues permettent d&rsquo;obtenir des mesures de fr\u00e9quentation, par exemple.<\/span><\/p><p><span style=\"font-weight: 400;\">Vous avez la possibilit\u00e9 <\/span><b>d\u2019accepter ou de refuser les cookies<\/b><span style=\"font-weight: 400;\"> en modifiant les param\u00e8tres de votre navigateur. Aucun cookie ne sera d\u00e9pos\u00e9 sans votre consentement.<\/span><\/p><p><span style=\"font-weight: 400;\">Les cookies sont enregistr\u00e9s pour une dur\u00e9e maximale de 1 mois.<\/span><\/p><p><span style=\"font-weight: 400;\">Pour plus d&rsquo;informations sur la fa\u00e7on dont nous faisons usage des cookies, lisez notre <\/span><a href=\"https:\/\/queyrieres.fr\/index.php\/politique-de-confidentialite\/\"><span style=\"font-weight: 400;\">Politique de Confidentialit\u00e9<\/span><\/a><span style=\"font-weight: 400;\">.<\/span><\/p>\t\t\t\t\t\t<\/div>\n\t\t\t\t<\/div>\n\t\t\t\t\t<\/div>\n\t\t<\/div>\n\t\t\t\t\t\t\t<\/div>\n\t\t<\/section>\n\t\t\t\t<section class=\"elementor-section elementor-top-section elementor-element elementor-element-8000569 elementor-section-boxed elementor-section-height-default elementor-section-height-default\" data-id=\"8000569\" data-element_type=\"section\">\n\t\t\t\t\t\t<div class=\"elementor-container elementor-column-gap-default\">\n\t\t\t\t\t<div class=\"elementor-column elementor-col-100 elementor-top-column elementor-element elementor-element-b60e980\" data-id=\"b60e980\" data-element_type=\"column\">\n\t\t\t<div class=\"elementor-widget-wrap elementor-element-populated\">\n\t\t\t\t\t\t\t\t<div class=\"elementor-element elementor-element-d940bdd elementor-widget elementor-widget-heading\" data-id=\"d940bdd\" data-element_type=\"widget\" data-widget_type=\"heading.default\">\n\t\t\t\t<div class=\"elementor-widget-container\">\n\t\t\t<h3 class=\"elementor-heading-title elementor-size-default\">6 - Droit applicable et attribution de juridiction<\/h3>\t\t<\/div>\n\t\t\t\t<\/div>\n\t\t\t\t\t<\/div>\n\t\t<\/div>\n\t\t\t\t\t\t\t<\/div>\n\t\t<\/section>\n\t\t\t\t<section class=\"elementor-section elementor-top-section elementor-element elementor-element-f27d7f3 elementor-section-boxed elementor-section-height-default elementor-section-height-default\" data-id=\"f27d7f3\" data-element_type=\"section\">\n\t\t\t\t\t\t<div class=\"elementor-container elementor-column-gap-default\">\n\t\t\t\t\t<div class=\"elementor-column elementor-col-100 elementor-top-column elementor-element elementor-element-20e7ec1\" data-id=\"20e7ec1\" data-element_type=\"column\">\n\t\t\t<div class=\"elementor-widget-wrap elementor-element-populated\">\n\t\t\t\t\t\t\t\t<div class=\"elementor-element elementor-element-26280be elementor-widget elementor-widget-text-editor\" data-id=\"26280be\" data-element_type=\"widget\" data-widget_type=\"text-editor.default\">\n\t\t\t\t<div class=\"elementor-widget-container\">\n\t\t\t\t\t\t\t<p><span style=\"font-weight: 400;\">Tout litige en relation avec l\u2019utilisation du site <\/span><a href=\"https:\/\/la-webeuse.com\/generateur-mentions-legales\/www.queyrieres.fr\"><span style=\"font-weight: 400;\">www.queyrieres.fr<\/span><\/a><span style=\"font-weight: 400;\"> est soumis au droit fran\u00e7ais. En dehors des cas o\u00f9 la loi ne le permet pas, il est fait attribution exclusive de juridiction aux tribunaux comp\u00e9tents.<\/span><\/p>\t\t\t\t\t\t<\/div>\n\t\t\t\t<\/div>\n\t\t\t\t\t<\/div>\n\t\t<\/div>\n\t\t\t\t\t\t\t<\/div>\n\t\t<\/section>\n\t\t\t\t\t\t\t<\/div>\n\t\t","protected":false},"excerpt":{"rendered":"<p>Mentions l\u00e9gales 1 &#8211; \u00c9dition du site En vertu de l&rsquo;article 6 de la loi n\u00b0 2004-575 du 21 juin 2004 pour la confiance dans l&rsquo;\u00e9conomie num\u00e9rique, il est pr\u00e9cis\u00e9 aux utilisateurs du site internet www.queyrieres.fr l&rsquo;identit\u00e9 des diff\u00e9rents intervenants dans le cadre de sa r\u00e9alisation et de son suivi: Propri\u00e9taire du site : La&hellip;&nbsp;<a href=\"https:\/\/queyrieres.fr\/index.php\/mentions-legales\/\" rel=\"bookmark\">Lire la suite &raquo;<span class=\"screen-reader-text\">Mentions L\u00e9gales<\/span><\/a><\/p>\n","protected":false},"author":2,"featured_media":0,"parent":0,"menu_order":0,"comment_status":"closed","ping_status":"closed","template":"page-templates\/template-pagebuilder-full-width.php","meta":{"neve_meta_sidebar":"full-width","neve_meta_container":"","neve_meta_enable_content_width":"on","neve_meta_content_width":100,"neve_meta_title_alignment":"","neve_meta_author_avatar":"","neve_post_elements_order":"","neve_meta_disable_header":"","neve_meta_disable_footer":"","neve_meta_disable_title":"","footnotes":""},"class_list":["post-379","page","type-page","status-publish","hentry"],"publishpress_future_action":{"enabled":false,"date":"2026-04-21 10:32:56","action":"change-status","newStatus":"draft","terms":[],"taxonomy":""},"publishpress_future_workflow_manual_trigger":{"enabledWorkflows":[]},"_links":{"self":[{"href":"https:\/\/queyrieres.fr\/index.php\/wp-json\/wp\/v2\/pages\/379","targetHints":{"allow":["GET"]}}],"collection":[{"href":"https:\/\/queyrieres.fr\/index.php\/wp-json\/wp\/v2\/pages"}],"about":[{"href":"https:\/\/queyrieres.fr\/index.php\/wp-json\/wp\/v2\/types\/page"}],"author":[{"embeddable":true,"href":"https:\/\/queyrieres.fr\/index.php\/wp-json\/wp\/v2\/users\/2"}],"replies":[{"embeddable":true,"href":"https:\/\/queyrieres.fr\/index.php\/wp-json\/wp\/v2\/comments?post=379"}],"version-history":[{"count":8,"href":"https:\/\/queyrieres.fr\/index.php\/wp-json\/wp\/v2\/pages\/379\/revisions"}],"predecessor-version":[{"id":387,"href":"https:\/\/queyrieres.fr\/index.php\/wp-json\/wp\/v2\/pages\/379\/revisions\/387"}],"wp:attachment":[{"href":"https:\/\/queyrieres.fr\/index.php\/wp-json\/wp\/v2\/media?parent=379"}],"curies":[{"name":"wp","href":"https:\/\/api.w.org\/{rel}","templated":true}]}}