{"id":38,"date":"2020-07-11T19:22:12","date_gmt":"2020-07-11T17:22:12","guid":{"rendered":"http:\/\/queyrieres.fr\/?page_id=38"},"modified":"2026-03-30T14:00:08","modified_gmt":"2026-03-30T12:00:08","slug":"les-conseils-municipaux","status":"publish","type":"page","link":"https:\/\/queyrieres.fr\/index.php\/vie-municipale\/les-conseils-municipaux\/","title":{"rendered":"Les conseils municipaux"},"content":{"rendered":"\t\t<div data-elementor-type=\"wp-page\" data-elementor-id=\"38\" class=\"elementor elementor-38\">\n\t\t\t\t\t\t\t\t\t<section class=\"elementor-section elementor-top-section elementor-element elementor-element-5a43aa87 elementor-section-boxed elementor-section-height-default elementor-section-height-default\" data-id=\"5a43aa87\" data-element_type=\"section\">\n\t\t\t\t\t\t<div class=\"elementor-container elementor-column-gap-default\">\n\t\t\t\t\t<div class=\"elementor-column elementor-col-100 elementor-top-column elementor-element elementor-element-3202efcb\" data-id=\"3202efcb\" data-element_type=\"column\">\n\t\t\t<div class=\"elementor-widget-wrap elementor-element-populated\">\n\t\t\t\t\t\t\t\t<div class=\"elementor-element elementor-element-e6bdd98 elementor-widget elementor-widget-text-editor\" data-id=\"e6bdd98\" data-element_type=\"widget\" data-widget_type=\"text-editor.default\">\n\t\t\t\t<div class=\"elementor-widget-container\">\n\t\t\t\t\t\t\t<!-- wp:paragraph -->\n<p>Les d\u00e9lib\u00e9rations du conseil municipal sont port\u00e9es \u00e0 la connaissance du public gr\u00e2ce au compte rendu et au registre des d\u00e9lib\u00e9rations. Le <strong>compte rendu<\/strong> doit \u00eatre <strong>affich\u00e9 sous huitaine <\/strong>suivant la s\u00e9ance du conseil municipal. Il reprend, pour l\u2019essentiel, les d\u00e9lib\u00e9rations du conseil municipal.<\/p>\n<!-- \/wp:paragraph -->\n\n<!-- wp:paragraph -->\n<p><\/p>\n<!-- \/wp:paragraph -->\t\t\t\t\t\t<\/div>\n\t\t\t\t<\/div>\n\t\t\t\t\t<\/div>\n\t\t<\/div>\n\t\t\t\t\t\t\t<\/div>\n\t\t<\/section>\n\t\t\t\t<section class=\"elementor-section elementor-top-section elementor-element elementor-element-bc7c046 elementor-section-boxed elementor-section-height-default elementor-section-height-default\" data-id=\"bc7c046\" data-element_type=\"section\">\n\t\t\t\t\t\t<div class=\"elementor-container elementor-column-gap-default\">\n\t\t\t\t\t<div class=\"elementor-column elementor-col-100 elementor-top-column elementor-element elementor-element-5a05827\" data-id=\"5a05827\" data-element_type=\"column\">\n\t\t\t<div class=\"elementor-widget-wrap elementor-element-populated\">\n\t\t\t\t\t\t\t\t<div class=\"elementor-element elementor-element-afabdbb elementor-widget elementor-widget-accordion\" data-id=\"afabdbb\" data-element_type=\"widget\" data-widget_type=\"accordion.default\">\n\t\t\t\t<div class=\"elementor-widget-container\">\n\t\t\t\t\t<div class=\"elementor-accordion\">\n\t\t\t\t\t\t\t<div class=\"elementor-accordion-item\">\n\t\t\t\t\t<div id=\"elementor-tab-title-1841\" class=\"elementor-tab-title\" data-tab=\"1\" role=\"button\" aria-controls=\"elementor-tab-content-1841\" aria-expanded=\"false\">\n\t\t\t\t\t\t\t\t\t\t\t\t\t<span class=\"elementor-accordion-icon elementor-accordion-icon-left\" aria-hidden=\"true\">\n\t\t\t\t\t\t\t\t\t\t\t\t\t\t\t<span class=\"elementor-accordion-icon-closed\"><i class=\"fas fa-plus\"><\/i><\/span>\n\t\t\t\t\t\t\t\t<span class=\"elementor-accordion-icon-opened\"><i class=\"fas fa-minus\"><\/i><\/span>\n\t\t\t\t\t\t\t\t\t\t\t\t\t\t<\/span>\n\t\t\t\t\t\t\t\t\t\t\t\t<a class=\"elementor-accordion-title\" tabindex=\"0\">Comptes rendus 2026<\/a>\n\t\t\t\t\t<\/div>\n\t\t\t\t\t<div id=\"elementor-tab-content-1841\" class=\"elementor-tab-content elementor-clearfix\" data-tab=\"1\" role=\"region\" aria-labelledby=\"elementor-tab-title-1841\"><p>Compte rendu du <a href=\"https:\/\/queyrieres.fr\/wp-content\/uploads\/2026\/03\/PV-CM-du-06032026-ar-pref.pdf\" target=\"_blank\" rel=\"noopener\">06\/03\/2026<\/a><\/p><\/div>\n\t\t\t\t<\/div>\n\t\t\t\t\t\t\t<div class=\"elementor-accordion-item\">\n\t\t\t\t\t<div id=\"elementor-tab-title-1842\" class=\"elementor-tab-title\" data-tab=\"2\" role=\"button\" aria-controls=\"elementor-tab-content-1842\" aria-expanded=\"false\">\n\t\t\t\t\t\t\t\t\t\t\t\t\t<span class=\"elementor-accordion-icon elementor-accordion-icon-left\" aria-hidden=\"true\">\n\t\t\t\t\t\t\t\t\t\t\t\t\t\t\t<span class=\"elementor-accordion-icon-closed\"><i class=\"fas fa-plus\"><\/i><\/span>\n\t\t\t\t\t\t\t\t<span class=\"elementor-accordion-icon-opened\"><i class=\"fas fa-minus\"><\/i><\/span>\n\t\t\t\t\t\t\t\t\t\t\t\t\t\t<\/span>\n\t\t\t\t\t\t\t\t\t\t\t\t<a class=\"elementor-accordion-title\" tabindex=\"0\">Comptes rendus 2025<\/a>\n\t\t\t\t\t<\/div>\n\t\t\t\t\t<div id=\"elementor-tab-content-1842\" class=\"elementor-tab-content elementor-clearfix\" data-tab=\"2\" role=\"region\" aria-labelledby=\"elementor-tab-title-1842\"><p>Compte rendu du <a href=\"https:\/\/queyrieres.fr\/wp-content\/uploads\/CRCM\/20250314_CM-CR.pdf\" target=\"_blank\" rel=\"noopener\">14\/03\/2025<\/a><br \/>Compte rendu du <a href=\"https:\/\/queyrieres.fr\/wp-content\/uploads\/CRCM\/20250703_CM-CR.pdf\" target=\"_blank\" rel=\"noopener\">12\/04\/2025<\/a><br \/>Compte rendu du <a href=\"https:\/\/queyrieres.fr\/wp-content\/uploads\/CRCM\/20250703_CM-CR.pdf\" target=\"_blank\" rel=\"noopener\">03\/07\/2025<\/a><br \/>Compte rendu du <a href=\"https:\/\/queyrieres.fr\/wp-content\/uploads\/CRCM\/20250829_CM-CR.pdf\" target=\"_blank\" rel=\"noopener\">29\/08\/2025<\/a><br \/>Compte rendu du <a href=\"https:\/\/queyrieres.fr\/wp-content\/uploads\/CRCM\/20251028_CM-CR.pdf\" target=\"_blank\" rel=\"noopener\">28\/10\/2025<\/a><br \/>Compte rendu du <a href=\"https:\/\/queyrieres.fr\/wp-content\/uploads\/2026\/03\/PV-CM-du-17122025-AR-PREF.pdf\" target=\"_blank\" rel=\"noopener\">17\/12\/2025<\/a><\/p><\/div>\n\t\t\t\t<\/div>\n\t\t\t\t\t\t\t<div class=\"elementor-accordion-item\">\n\t\t\t\t\t<div id=\"elementor-tab-title-1843\" class=\"elementor-tab-title\" data-tab=\"3\" role=\"button\" aria-controls=\"elementor-tab-content-1843\" aria-expanded=\"false\">\n\t\t\t\t\t\t\t\t\t\t\t\t\t<span class=\"elementor-accordion-icon elementor-accordion-icon-left\" aria-hidden=\"true\">\n\t\t\t\t\t\t\t\t\t\t\t\t\t\t\t<span class=\"elementor-accordion-icon-closed\"><i class=\"fas fa-plus\"><\/i><\/span>\n\t\t\t\t\t\t\t\t<span class=\"elementor-accordion-icon-opened\"><i class=\"fas fa-minus\"><\/i><\/span>\n\t\t\t\t\t\t\t\t\t\t\t\t\t\t<\/span>\n\t\t\t\t\t\t\t\t\t\t\t\t<a class=\"elementor-accordion-title\" tabindex=\"0\">Comptes rendus 2024<\/a>\n\t\t\t\t\t<\/div>\n\t\t\t\t\t<div id=\"elementor-tab-content-1843\" class=\"elementor-tab-content elementor-clearfix\" data-tab=\"3\" role=\"region\" aria-labelledby=\"elementor-tab-title-1843\"><p>Compte rendu du <a href=\"https:\/\/queyrieres.fr\/wp-content\/uploads\/CRCM\/20240216_CM-CR.pdf\" target=\"_blank\" rel=\"noopener\">16\/02\/2024<\/a><br \/>Compte rendu du <a href=\"https:\/\/queyrieres.fr\/wp-content\/uploads\/CRCM\/20240706_CM-CR.pdf\" target=\"_blank\" rel=\"noopener\">06\/07\/2024<\/a><br \/>Compte rendu du <a href=\"https:\/\/queyrieres.fr\/wp-content\/uploads\/CRCM\/20241004_CM-CR.pdf\" target=\"_blank\" rel=\"noopener\">04\/10\/2024<\/a><\/p><\/div>\n\t\t\t\t<\/div>\n\t\t\t\t\t\t\t<div class=\"elementor-accordion-item\">\n\t\t\t\t\t<div id=\"elementor-tab-title-1844\" class=\"elementor-tab-title\" data-tab=\"4\" role=\"button\" aria-controls=\"elementor-tab-content-1844\" aria-expanded=\"false\">\n\t\t\t\t\t\t\t\t\t\t\t\t\t<span class=\"elementor-accordion-icon elementor-accordion-icon-left\" aria-hidden=\"true\">\n\t\t\t\t\t\t\t\t\t\t\t\t\t\t\t<span class=\"elementor-accordion-icon-closed\"><i class=\"fas fa-plus\"><\/i><\/span>\n\t\t\t\t\t\t\t\t<span class=\"elementor-accordion-icon-opened\"><i class=\"fas fa-minus\"><\/i><\/span>\n\t\t\t\t\t\t\t\t\t\t\t\t\t\t<\/span>\n\t\t\t\t\t\t\t\t\t\t\t\t<a class=\"elementor-accordion-title\" tabindex=\"0\">Comptes rendus 2023<\/a>\n\t\t\t\t\t<\/div>\n\t\t\t\t\t<div id=\"elementor-tab-content-1844\" class=\"elementor-tab-content elementor-clearfix\" data-tab=\"4\" role=\"region\" aria-labelledby=\"elementor-tab-title-1844\"><p>Compte rendu du <a href=\"https:\/\/queyrieres.fr\/wp-content\/uploads\/CRCM\/20230323_CM-CR.pdf\" target=\"_blank\" rel=\"noopener\">03\/03\/2023<\/a><br \/>Compte rendu du <a href=\"https:\/\/queyrieres.fr\/wp-content\/uploads\/CRCM\/20230414_CM-CR.pdf\" target=\"_blank\" rel=\"noopener\">14\/04\/2023<\/a><br \/>Compte rendu du <a href=\"https:\/\/queyrieres.fr\/wp-content\/uploads\/CRCM\/20230609_CM-CR.pdf\" target=\"_blank\" rel=\"noopener\">09\/06\/2023<\/a><br \/>Compte rendu du <a href=\"https:\/\/queyrieres.fr\/wp-content\/uploads\/CRCM\/20231013_CM-CR.pdf\" target=\"_blank\" rel=\"noopener\">13\/10\/2023<\/a><br \/>Compte rendu du <a href=\"https:\/\/queyrieres.fr\/wp-content\/uploads\/CRCM\/20231124_CM-CR.pdf\" target=\"_blank\" rel=\"noopener\">24\/11\/2023<\/a><\/p><\/div>\n\t\t\t\t<\/div>\n\t\t\t\t\t\t\t<div class=\"elementor-accordion-item\">\n\t\t\t\t\t<div id=\"elementor-tab-title-1845\" class=\"elementor-tab-title\" data-tab=\"5\" role=\"button\" aria-controls=\"elementor-tab-content-1845\" aria-expanded=\"false\">\n\t\t\t\t\t\t\t\t\t\t\t\t\t<span class=\"elementor-accordion-icon elementor-accordion-icon-left\" aria-hidden=\"true\">\n\t\t\t\t\t\t\t\t\t\t\t\t\t\t\t<span class=\"elementor-accordion-icon-closed\"><i class=\"fas fa-plus\"><\/i><\/span>\n\t\t\t\t\t\t\t\t<span class=\"elementor-accordion-icon-opened\"><i class=\"fas fa-minus\"><\/i><\/span>\n\t\t\t\t\t\t\t\t\t\t\t\t\t\t<\/span>\n\t\t\t\t\t\t\t\t\t\t\t\t<a class=\"elementor-accordion-title\" tabindex=\"0\">Comptes rendus 2022<\/a>\n\t\t\t\t\t<\/div>\n\t\t\t\t\t<div id=\"elementor-tab-content-1845\" class=\"elementor-tab-content elementor-clearfix\" data-tab=\"5\" role=\"region\" aria-labelledby=\"elementor-tab-title-1845\"><p>Compte rendu du <a href=\"https:\/\/queyrieres.fr\/wp-content\/uploads\/CRCM\/220408_CM-CR.pdf\" target=\"_blank\" rel=\"noopener\">08\/04\/2022<\/a><br \/>Compte rendu du <a href=\"https:\/\/queyrieres.fr\/wp-content\/uploads\/CRCM\/220423_CM-CR.pdf\" target=\"_blank\" rel=\"noopener\" data-wplink-edit=\"true\">23\/04\/2022<\/a><br \/>Compte rendu du <a href=\"https:\/\/queyrieres.fr\/wp-content\/uploads\/CRCM\/220527_CM-CR.pdf\" target=\"_blank\" rel=\"noopener\">27\/05\/2022<\/a><br \/>Compte rendu du <a href=\"https:\/\/queyrieres.fr\/wp-content\/uploads\/CRCM\/220624_CM-CR.pdf\" target=\"_blank\" rel=\"noopener\">24\/06\/2022<\/a><br \/>Compte rendu du <a href=\"https:\/\/queyrieres.fr\/wp-content\/uploads\/CRCM\/220811_CM-CR.pdf\" target=\"_blank\" rel=\"noopener\">11\/08\/2022<\/a><br \/>Compte rendu du <a href=\"https:\/\/queyrieres.fr\/wp-content\/uploads\/CRCM\/221125_CM-CR.pdf\" target=\"_blank\" rel=\"noopener\">25\/11\/2022<\/a><br \/>Compte rendu du 16\/12\/2022 (\u00e0 venir)<\/p><\/div>\n\t\t\t\t<\/div>\n\t\t\t\t\t\t\t<div class=\"elementor-accordion-item\">\n\t\t\t\t\t<div id=\"elementor-tab-title-1846\" class=\"elementor-tab-title\" data-tab=\"6\" role=\"button\" aria-controls=\"elementor-tab-content-1846\" aria-expanded=\"false\">\n\t\t\t\t\t\t\t\t\t\t\t\t\t<span class=\"elementor-accordion-icon elementor-accordion-icon-left\" aria-hidden=\"true\">\n\t\t\t\t\t\t\t\t\t\t\t\t\t\t\t<span class=\"elementor-accordion-icon-closed\"><i class=\"fas fa-plus\"><\/i><\/span>\n\t\t\t\t\t\t\t\t<span class=\"elementor-accordion-icon-opened\"><i class=\"fas fa-minus\"><\/i><\/span>\n\t\t\t\t\t\t\t\t\t\t\t\t\t\t<\/span>\n\t\t\t\t\t\t\t\t\t\t\t\t<a class=\"elementor-accordion-title\" tabindex=\"0\">Comptes rendus 2021<\/a>\n\t\t\t\t\t<\/div>\n\t\t\t\t\t<div id=\"elementor-tab-content-1846\" class=\"elementor-tab-content elementor-clearfix\" data-tab=\"6\" role=\"region\" aria-labelledby=\"elementor-tab-title-1846\"><p>Compte rendu du conseil municipal du <a href=\"https:\/\/queyrieres.fr\/wp-content\/uploads\/CRCM\/210417_CM-CR.pdf\">17\/04\/21<\/a><br \/>Compte rendu du conseil municipal du <a href=\"https:\/\/queyrieres.fr\/wp-content\/uploads\/CRCM\/211021_CM-CR.pdf\">22\/10\/21<\/a><br \/>Compte rendu du conseil municipal du <a href=\"https:\/\/queyrieres.fr\/wp-content\/uploads\/CRCM\/211127_CM-CR.pdf\">27\/11\/21<\/a><\/p><\/div>\n\t\t\t\t<\/div>\n\t\t\t\t\t\t\t<div class=\"elementor-accordion-item\">\n\t\t\t\t\t<div id=\"elementor-tab-title-1847\" class=\"elementor-tab-title\" data-tab=\"7\" role=\"button\" aria-controls=\"elementor-tab-content-1847\" aria-expanded=\"false\">\n\t\t\t\t\t\t\t\t\t\t\t\t\t<span class=\"elementor-accordion-icon elementor-accordion-icon-left\" aria-hidden=\"true\">\n\t\t\t\t\t\t\t\t\t\t\t\t\t\t\t<span class=\"elementor-accordion-icon-closed\"><i class=\"fas fa-plus\"><\/i><\/span>\n\t\t\t\t\t\t\t\t<span class=\"elementor-accordion-icon-opened\"><i class=\"fas fa-minus\"><\/i><\/span>\n\t\t\t\t\t\t\t\t\t\t\t\t\t\t<\/span>\n\t\t\t\t\t\t\t\t\t\t\t\t<a class=\"elementor-accordion-title\" tabindex=\"0\">Comptes rendus 2020<\/a>\n\t\t\t\t\t<\/div>\n\t\t\t\t\t<div id=\"elementor-tab-content-1847\" class=\"elementor-tab-content elementor-clearfix\" data-tab=\"7\" role=\"region\" aria-labelledby=\"elementor-tab-title-1847\"><p>Compte rendu du conseil municipal du <a href=\"https:\/\/queyrieres.fr\/wp-content\/uploads\/CRCM\/200221_CM-CR.pdf\">21\/02\/2020<\/a><br \/>Compte rendu du conseil municipal du <a href=\"https:\/\/queyrieres.fr\/wp-content\/uploads\/CRCM\/200523_CM-CR.pdf\">23\/05\/2020<\/a><br \/>Compte rendu du conseil municipal du <a href=\"https:\/\/queyrieres.fr\/wp-content\/CRCM\/uploads\/200702_CM-CR.pdf\">02\/07\/2020<\/a><br \/>Compte rendu du conseil municipal du <a href=\"https:\/\/queyrieres.fr\/wp-content\/uploads\/CRCM\/200808_CM-CR.pdf\">08\/08\/2020<\/a><br \/>Compte rendu du conseil municipal du <a href=\"https:\/\/queyrieres.fr\/wp-content\/uploads\/CRCM\/200925_CM-CR.pdf\">25\/09\/2020<br \/><\/a>Compte rendu du conseil municipal du <a href=\"https:\/\/queyrieres.fr\/wp-content\/uploads\/CRCM\/201121_CM-CR.pdf\" target=\"_blank\" rel=\"noopener\">21\/11\/2020<\/a><\/p><\/div>\n\t\t\t\t<\/div>\n\t\t\t\t\t\t\t<div class=\"elementor-accordion-item\">\n\t\t\t\t\t<div id=\"elementor-tab-title-1848\" class=\"elementor-tab-title\" data-tab=\"8\" role=\"button\" aria-controls=\"elementor-tab-content-1848\" aria-expanded=\"false\">\n\t\t\t\t\t\t\t\t\t\t\t\t\t<span class=\"elementor-accordion-icon elementor-accordion-icon-left\" aria-hidden=\"true\">\n\t\t\t\t\t\t\t\t\t\t\t\t\t\t\t<span class=\"elementor-accordion-icon-closed\"><i class=\"fas fa-plus\"><\/i><\/span>\n\t\t\t\t\t\t\t\t<span class=\"elementor-accordion-icon-opened\"><i class=\"fas fa-minus\"><\/i><\/span>\n\t\t\t\t\t\t\t\t\t\t\t\t\t\t<\/span>\n\t\t\t\t\t\t\t\t\t\t\t\t<a class=\"elementor-accordion-title\" tabindex=\"0\">Comptes rendus 2019 <\/a>\n\t\t\t\t\t<\/div>\n\t\t\t\t\t<div id=\"elementor-tab-content-1848\" class=\"elementor-tab-content elementor-clearfix\" data-tab=\"8\" role=\"region\" aria-labelledby=\"elementor-tab-title-1848\"><p>Compte rendu du conseil municipal du <a href=\"https:\/\/queyrieres.fr\/wp-content\/uploads\/CRCM\/191203_CM-CR.pdf\">03\/12\/2019<\/a><\/p><\/div>\n\t\t\t\t<\/div>\n\t\t\t\t\t\t\t\t<\/div>\n\t\t\t\t<\/div>\n\t\t\t\t<\/div>\n\t\t\t\t\t<\/div>\n\t\t<\/div>\n\t\t\t\t\t\t\t<\/div>\n\t\t<\/section>\n\t\t\t\t<section class=\"elementor-section elementor-top-section elementor-element elementor-element-1c673e5 elementor-section-boxed elementor-section-height-default elementor-section-height-default\" data-id=\"1c673e5\" data-element_type=\"section\">\n\t\t\t\t\t\t<div class=\"elementor-container elementor-column-gap-default\">\n\t\t\t\t\t<div class=\"elementor-column elementor-col-100 elementor-top-column elementor-element elementor-element-c94ab99\" data-id=\"c94ab99\" data-element_type=\"column\">\n\t\t\t<div class=\"elementor-widget-wrap elementor-element-populated\">\n\t\t\t\t\t\t\t\t<div class=\"elementor-element elementor-element-7bd1b16 elementor-widget-divider--view-line elementor-widget elementor-widget-divider\" data-id=\"7bd1b16\" data-element_type=\"widget\" data-widget_type=\"divider.default\">\n\t\t\t\t<div class=\"elementor-widget-container\">\n\t\t\t\t\t<div class=\"elementor-divider\">\n\t\t\t<span class=\"elementor-divider-separator\">\n\t\t\t\t\t\t<\/span>\n\t\t<\/div>\n\t\t\t\t<\/div>\n\t\t\t\t<\/div>\n\t\t\t\t\t<\/div>\n\t\t<\/div>\n\t\t\t\t\t\t\t<\/div>\n\t\t<\/section>\n\t\t\t\t\t\t\t<\/div>\n\t\t","protected":false},"excerpt":{"rendered":"<p>Les d\u00e9lib\u00e9rations du conseil municipal sont port\u00e9es \u00e0 la connaissance du public gr\u00e2ce au compte rendu et au registre des d\u00e9lib\u00e9rations. Le compte rendu doit \u00eatre affich\u00e9 sous huitaine suivant la s\u00e9ance du conseil municipal. Il reprend, pour l\u2019essentiel, les d\u00e9lib\u00e9rations du conseil municipal. Comptes rendus 2026 Compte rendu du 06\/03\/2026 Comptes rendus 2025 Compte&hellip;&nbsp;<a href=\"https:\/\/queyrieres.fr\/index.php\/vie-municipale\/les-conseils-municipaux\/\" rel=\"bookmark\">Lire la suite &raquo;<span class=\"screen-reader-text\">Les conseils municipaux<\/span><\/a><\/p>\n","protected":false},"author":1,"featured_media":0,"parent":156,"menu_order":0,"comment_status":"closed","ping_status":"closed","template":"","meta":{"neve_meta_sidebar":"","neve_meta_container":"","neve_meta_enable_content_width":"","neve_meta_content_width":0,"neve_meta_title_alignment":"","neve_meta_author_avatar":"","neve_post_elements_order":"","neve_meta_disable_header":"","neve_meta_disable_footer":"","neve_meta_disable_title":"","footnotes":""},"class_list":["post-38","page","type-page","status-publish","hentry"],"publishpress_future_action":{"enabled":false,"date":"2026-05-03 17:36:24","action":"change-status","newStatus":"draft","terms":[],"taxonomy":""},"publishpress_future_workflow_manual_trigger":{"enabledWorkflows":[]},"_links":{"self":[{"href":"https:\/\/queyrieres.fr\/index.php\/wp-json\/wp\/v2\/pages\/38","targetHints":{"allow":["GET"]}}],"collection":[{"href":"https:\/\/queyrieres.fr\/index.php\/wp-json\/wp\/v2\/pages"}],"about":[{"href":"https:\/\/queyrieres.fr\/index.php\/wp-json\/wp\/v2\/types\/page"}],"author":[{"embeddable":true,"href":"https:\/\/queyrieres.fr\/index.php\/wp-json\/wp\/v2\/users\/1"}],"replies":[{"embeddable":true,"href":"https:\/\/queyrieres.fr\/index.php\/wp-json\/wp\/v2\/comments?post=38"}],"version-history":[{"count":109,"href":"https:\/\/queyrieres.fr\/index.php\/wp-json\/wp\/v2\/pages\/38\/revisions"}],"predecessor-version":[{"id":3622,"href":"https:\/\/queyrieres.fr\/index.php\/wp-json\/wp\/v2\/pages\/38\/revisions\/3622"}],"up":[{"embeddable":true,"href":"https:\/\/queyrieres.fr\/index.php\/wp-json\/wp\/v2\/pages\/156"}],"wp:attachment":[{"href":"https:\/\/queyrieres.fr\/index.php\/wp-json\/wp\/v2\/media?parent=38"}],"curies":[{"name":"wp","href":"https:\/\/api.w.org\/{rel}","templated":true}]}}