{"id":401,"date":"2021-02-13T11:45:26","date_gmt":"2021-02-13T10:45:26","guid":{"rendered":"http:\/\/queyrieres.fr\/?page_id=401"},"modified":"2021-03-08T18:29:26","modified_gmt":"2021-03-08T17:29:26","slug":"la-vie-paroissiale","status":"publish","type":"page","link":"https:\/\/queyrieres.fr\/index.php\/vie-pratique\/la-vie-paroissiale\/","title":{"rendered":"La vie paroissiale"},"content":{"rendered":"\t\t<div data-elementor-type=\"wp-page\" data-elementor-id=\"401\" class=\"elementor elementor-401\">\n\t\t\t\t\t\t\t\t\t<section class=\"elementor-section elementor-top-section elementor-element elementor-element-9ed06f9 elementor-section-boxed elementor-section-height-default elementor-section-height-default\" data-id=\"9ed06f9\" data-element_type=\"section\">\n\t\t\t\t\t\t<div class=\"elementor-container elementor-column-gap-default\">\n\t\t\t\t\t<div class=\"elementor-column elementor-col-100 elementor-top-column elementor-element elementor-element-6f70da8\" data-id=\"6f70da8\" data-element_type=\"column\">\n\t\t\t<div class=\"elementor-widget-wrap elementor-element-populated\">\n\t\t\t\t\t\t\t\t<div class=\"elementor-element elementor-element-2111eb5 elementor-widget elementor-widget-heading\" data-id=\"2111eb5\" data-element_type=\"widget\" data-widget_type=\"heading.default\">\n\t\t\t\t<div class=\"elementor-widget-container\">\n\t\t\t<h1 class=\"elementor-heading-title elementor-size-default\">La vie paroissiale<\/h1>\t\t<\/div>\n\t\t\t\t<\/div>\n\t\t\t\t\t<\/div>\n\t\t<\/div>\n\t\t\t\t\t\t\t<\/div>\n\t\t<\/section>\n\t\t\t\t<section class=\"elementor-section elementor-top-section elementor-element elementor-element-becc08e elementor-section-boxed elementor-section-height-default elementor-section-height-default\" data-id=\"becc08e\" data-element_type=\"section\">\n\t\t\t\t\t\t<div class=\"elementor-container elementor-column-gap-default\">\n\t\t\t\t\t<div class=\"elementor-column elementor-col-100 elementor-top-column elementor-element elementor-element-1decc5d\" data-id=\"1decc5d\" data-element_type=\"column\">\n\t\t\t<div class=\"elementor-widget-wrap elementor-element-populated\">\n\t\t\t\t\t\t\t\t<div class=\"elementor-element elementor-element-e3df315 elementor-widget elementor-widget-text-editor\" data-id=\"e3df315\" data-element_type=\"widget\" data-widget_type=\"text-editor.default\">\n\t\t\t\t<div class=\"elementor-widget-container\">\n\t\t\t\t\t\t\t<p>L\u2019\u00e9glise de Queyri\u00e8res fait partie de l\u2019ensemble paroissial St R\u00e9gis en Mezenc-Meygal.<\/p>\n<p class=\"infos-pratique-siteweb\"><span class=\"z-p\">Contact :<\/span> <a class=\"z-i z-r\" href=\"mailto:paroisse.saintjuliench@orange.fr\">paroisse.saintjuliench@orange.fr<\/a><br><span class=\"z-p\">Site web :<\/span> <a class=\"z-i z-r\" href=\"http:\/\/secteurloirecevennes.catholique.fr\/\" target=\"_blank\" rel=\"noopener\">secteurloirecevennes.catholique.fr\/<\/a><span class=\"z-p\"><br>T\u00e9l :<\/span> <span class=\"z-i\">04 71 08 70 37<\/span>\n<\/p>\t\t\t\t\t\t<\/div>\n\t\t\t\t<\/div>\n\t\t\t\t\t<\/div>\n\t\t<\/div>\n\t\t\t\t\t\t\t<\/div>\n\t\t<\/section>\n\t\t\t\t<section class=\"elementor-section elementor-top-section elementor-element elementor-element-2f2553f elementor-section-boxed elementor-section-height-default elementor-section-height-default\" data-id=\"2f2553f\" data-element_type=\"section\">\n\t\t\t\t\t\t<div class=\"elementor-container elementor-column-gap-default\">\n\t\t\t\t\t<div class=\"elementor-column elementor-col-100 elementor-top-column elementor-element elementor-element-feec601\" data-id=\"feec601\" data-element_type=\"column\">\n\t\t\t<div class=\"elementor-widget-wrap elementor-element-populated\">\n\t\t\t\t\t\t\t\t<div class=\"elementor-element elementor-element-d20db7a elementor-widget elementor-widget-image\" data-id=\"d20db7a\" data-element_type=\"widget\" data-widget_type=\"image.default\">\n\t\t\t\t<div class=\"elementor-widget-container\">\n\t\t\t\t\t\t\t\t\t\t\t\t\t\t\t<img fetchpriority=\"high\" decoding=\"async\" width=\"512\" height=\"343\" src=\"https:\/\/queyrieres.fr\/wp-content\/uploads\/2021\/03\/Eglise-1.jpg\" class=\"attachment-large size-large wp-image-716\" alt=\"\" srcset=\"https:\/\/queyrieres.fr\/wp-content\/uploads\/2021\/03\/Eglise-1.jpg 512w, https:\/\/queyrieres.fr\/wp-content\/uploads\/2021\/03\/Eglise-1-300x201.jpg 300w\" sizes=\"(max-width: 512px) 100vw, 512px\" \/>\t\t\t\t\t\t\t\t\t\t\t\t\t\t\t<\/div>\n\t\t\t\t<\/div>\n\t\t\t\t\t<\/div>\n\t\t<\/div>\n\t\t\t\t\t\t\t<\/div>\n\t\t<\/section>\n\t\t\t\t<section class=\"elementor-section elementor-top-section elementor-element elementor-element-6076140 elementor-section-boxed elementor-section-height-default elementor-section-height-default\" data-id=\"6076140\" data-element_type=\"section\">\n\t\t\t\t\t\t<div class=\"elementor-container elementor-column-gap-default\">\n\t\t\t\t\t<div class=\"elementor-column elementor-col-100 elementor-top-column elementor-element elementor-element-c510e4d\" data-id=\"c510e4d\" data-element_type=\"column\">\n\t\t\t<div class=\"elementor-widget-wrap elementor-element-populated\">\n\t\t\t\t\t\t\t\t<div class=\"elementor-element elementor-element-ba75183 elementor-widget elementor-widget-heading\" data-id=\"ba75183\" data-element_type=\"widget\" data-widget_type=\"heading.default\">\n\t\t\t\t<div class=\"elementor-widget-container\">\n\t\t\t<h2 class=\"elementor-heading-title elementor-size-default\">Les messes \u00e0 Queyri\u00e8res<\/h2>\t\t<\/div>\n\t\t\t\t<\/div>\n\t\t\t\t\t<\/div>\n\t\t<\/div>\n\t\t\t\t\t\t\t<\/div>\n\t\t<\/section>\n\t\t\t\t<section class=\"elementor-section elementor-top-section elementor-element elementor-element-636ddd3 elementor-section-boxed elementor-section-height-default elementor-section-height-default\" data-id=\"636ddd3\" data-element_type=\"section\">\n\t\t\t\t\t\t<div class=\"elementor-container elementor-column-gap-default\">\n\t\t\t\t\t<div class=\"elementor-column elementor-col-100 elementor-top-column elementor-element elementor-element-760d207\" data-id=\"760d207\" data-element_type=\"column\">\n\t\t\t<div class=\"elementor-widget-wrap elementor-element-populated\">\n\t\t\t\t\t\t\t\t<div class=\"elementor-element elementor-element-3bb8f05 elementor-widget elementor-widget-text-editor\" data-id=\"3bb8f05\" data-element_type=\"widget\" data-widget_type=\"text-editor.default\">\n\t\t\t\t<div class=\"elementor-widget-container\">\n\t\t\t\t\t\t\t<p style=\"margin-left: 54.0pt;\">Pour conna\u00eetre le jour et l\u2019heure de la prochaine messe \u00e0 Queyri\u00e8res, cliquez sur ce\u00a0<a href=\"https:\/\/messes.info\/lieu\/43%2Fqueyrieres%2Feglise\" target=\"_blank\" rel=\"noopener\">lien<\/a>.<\/p><p style=\"margin-left: 54.0pt;\">\u00a0<\/p><p style=\"margin-left: 72.0pt;\">\u00a0<\/p>\t\t\t\t\t\t<\/div>\n\t\t\t\t<\/div>\n\t\t\t\t\t<\/div>\n\t\t<\/div>\n\t\t\t\t\t\t\t<\/div>\n\t\t<\/section>\n\t\t\t\t\t\t\t<\/div>\n\t\t","protected":false},"excerpt":{"rendered":"<p>La vie paroissiale L\u2019\u00e9glise de Queyri\u00e8res fait partie de l\u2019ensemble paroissial St R\u00e9gis en Mezenc-Meygal. Contact : paroisse.saintjuliench@orange.frSite web : secteurloirecevennes.catholique.fr\/T\u00e9l : 04 71 08 70 37 Les messes \u00e0 Queyri\u00e8res Pour conna\u00eetre le jour et l\u2019heure de la prochaine messe \u00e0 Queyri\u00e8res, cliquez sur ce\u00a0lien. \u00a0 \u00a0<\/p>\n","protected":false},"author":1,"featured_media":0,"parent":158,"menu_order":0,"comment_status":"closed","ping_status":"closed","template":"page-templates\/template-pagebuilder-full-width.php","meta":{"neve_meta_sidebar":"full-width","neve_meta_container":"","neve_meta_enable_content_width":"on","neve_meta_content_width":100,"neve_meta_title_alignment":"","neve_meta_author_avatar":"","neve_post_elements_order":"","neve_meta_disable_header":"","neve_meta_disable_footer":"","neve_meta_disable_title":"","footnotes":""},"class_list":["post-401","page","type-page","status-publish","hentry"],"publishpress_future_action":{"enabled":false,"date":"2026-05-02 16:41:58","action":"change-status","newStatus":"draft","terms":[],"taxonomy":""},"publishpress_future_workflow_manual_trigger":{"enabledWorkflows":[]},"_links":{"self":[{"href":"https:\/\/queyrieres.fr\/index.php\/wp-json\/wp\/v2\/pages\/401","targetHints":{"allow":["GET"]}}],"collection":[{"href":"https:\/\/queyrieres.fr\/index.php\/wp-json\/wp\/v2\/pages"}],"about":[{"href":"https:\/\/queyrieres.fr\/index.php\/wp-json\/wp\/v2\/types\/page"}],"author":[{"embeddable":true,"href":"https:\/\/queyrieres.fr\/index.php\/wp-json\/wp\/v2\/users\/1"}],"replies":[{"embeddable":true,"href":"https:\/\/queyrieres.fr\/index.php\/wp-json\/wp\/v2\/comments?post=401"}],"version-history":[{"count":19,"href":"https:\/\/queyrieres.fr\/index.php\/wp-json\/wp\/v2\/pages\/401\/revisions"}],"predecessor-version":[{"id":722,"href":"https:\/\/queyrieres.fr\/index.php\/wp-json\/wp\/v2\/pages\/401\/revisions\/722"}],"up":[{"embeddable":true,"href":"https:\/\/queyrieres.fr\/index.php\/wp-json\/wp\/v2\/pages\/158"}],"wp:attachment":[{"href":"https:\/\/queyrieres.fr\/index.php\/wp-json\/wp\/v2\/media?parent=401"}],"curies":[{"name":"wp","href":"https:\/\/api.w.org\/{rel}","templated":true}]}}