{"id":764,"date":"2021-03-11T19:12:20","date_gmt":"2021-03-11T18:12:20","guid":{"rendered":"http:\/\/queyrieres.fr\/?page_id=764"},"modified":"2024-08-30T09:24:13","modified_gmt":"2024-08-30T07:24:13","slug":"a-decouvrir","status":"publish","type":"page","link":"https:\/\/queyrieres.fr\/index.php\/vie-pratique\/tourisme\/a-decouvrir\/","title":{"rendered":"A d\u00e9couvrir !"},"content":{"rendered":"\t\t<div data-elementor-type=\"wp-page\" data-elementor-id=\"764\" class=\"elementor elementor-764\">\n\t\t\t\t\t\t\t\t\t<section class=\"elementor-section elementor-top-section elementor-element elementor-element-7aae156 elementor-section-boxed elementor-section-height-default elementor-section-height-default\" data-id=\"7aae156\" data-element_type=\"section\">\n\t\t\t\t\t\t<div class=\"elementor-container elementor-column-gap-default\">\n\t\t\t\t\t<div class=\"elementor-column elementor-col-100 elementor-top-column elementor-element elementor-element-eac01dc\" data-id=\"eac01dc\" data-element_type=\"column\">\n\t\t\t<div class=\"elementor-widget-wrap elementor-element-populated\">\n\t\t\t\t\t\t\t\t<div class=\"elementor-element elementor-element-55bf950 elementor-widget elementor-widget-heading\" data-id=\"55bf950\" data-element_type=\"widget\" data-widget_type=\"heading.default\">\n\t\t\t\t<div class=\"elementor-widget-container\">\n\t\t\t<h2 class=\"elementor-heading-title elementor-size-default\">Le Suchaillou, un point de vue remarquable<\/h2>\t\t<\/div>\n\t\t\t\t<\/div>\n\t\t\t\t\t<\/div>\n\t\t<\/div>\n\t\t\t\t\t\t\t<\/div>\n\t\t<\/section>\n\t\t\t\t<section class=\"elementor-section elementor-top-section elementor-element elementor-element-ad6bfbf elementor-section-boxed elementor-section-height-default elementor-section-height-default\" data-id=\"ad6bfbf\" data-element_type=\"section\">\n\t\t\t\t\t\t<div class=\"elementor-container elementor-column-gap-default\">\n\t\t\t\t\t<div class=\"elementor-column elementor-col-100 elementor-top-column elementor-element elementor-element-2731cde\" data-id=\"2731cde\" data-element_type=\"column\">\n\t\t\t<div class=\"elementor-widget-wrap elementor-element-populated\">\n\t\t\t\t\t\t\t\t<div class=\"elementor-element elementor-element-6657aa6 elementor-widget elementor-widget-image\" data-id=\"6657aa6\" data-element_type=\"widget\" data-widget_type=\"image.default\">\n\t\t\t\t<div class=\"elementor-widget-container\">\n\t\t\t\t\t\t\t\t\t\t\t\t\t\t\t<img fetchpriority=\"high\" decoding=\"async\" width=\"538\" height=\"781\" src=\"https:\/\/queyrieres.fr\/wp-content\/uploads\/2024\/08\/LPRQ_Suchaillou.png\" class=\"attachment-large size-large wp-image-3280\" alt=\"Suchaillou\" srcset=\"https:\/\/queyrieres.fr\/wp-content\/uploads\/2024\/08\/LPRQ_Suchaillou.png 538w, https:\/\/queyrieres.fr\/wp-content\/uploads\/2024\/08\/LPRQ_Suchaillou-207x300.png 207w\" sizes=\"(max-width: 538px) 100vw, 538px\" \/>\t\t\t\t\t\t\t\t\t\t\t\t\t\t\t<\/div>\n\t\t\t\t<\/div>\n\t\t\t\t\t<\/div>\n\t\t<\/div>\n\t\t\t\t\t\t\t<\/div>\n\t\t<\/section>\n\t\t\t\t<section class=\"elementor-section elementor-top-section elementor-element elementor-element-6f14c8f elementor-section-boxed elementor-section-height-default elementor-section-height-default\" data-id=\"6f14c8f\" data-element_type=\"section\">\n\t\t\t\t\t\t<div class=\"elementor-container elementor-column-gap-default\">\n\t\t\t\t\t<div class=\"elementor-column elementor-col-100 elementor-top-column elementor-element elementor-element-e21ff7c\" data-id=\"e21ff7c\" data-element_type=\"column\">\n\t\t\t<div class=\"elementor-widget-wrap elementor-element-populated\">\n\t\t\t\t\t\t\t\t<div class=\"elementor-element elementor-element-0c5f955 elementor-widget elementor-widget-text-editor\" data-id=\"0c5f955\" data-element_type=\"widget\" data-widget_type=\"text-editor.default\">\n\t\t\t\t<div class=\"elementor-widget-container\">\n\t\t\t\t\t\t\t<p><strong>Le Suchaillou<\/strong><br \/>Dans le cadre du projet Fen\u00eatres sur le paysage, Constance Guisset a \u00e9t\u00e9 invit\u00e9e \u00e0 imaginer une oeuvre d&rsquo;art refuge \u00e0 Queyri\u00e8res (Haute- Loire). Au bord du chemin de Compostelle, elle est destin\u00e9e \u00e0 accueillir aussi bien les randonneurs et p\u00e8lerins (pour une halte comme pour une nuit) que les habitants ou curieux qui voudraient d\u00e9couvrir le refuge comme le point de vue.<\/p><p>Ainsi est n\u00e9 Suchaillou, un abri en pierres s\u00e8ches et lauzes se fondant dans un paysage de sucs. Inspir\u00e9 par la g\u00e9ologie locale, ce petit suc suspendu \u00e0 la roche semble toujours avoir \u00e9t\u00e9 l\u00e0. Depuis la route, le promeneur voit le haut du refuge affleurer, comme une invitation \u00e0 prendre un chemin de traverse afin de d\u00e9couvrir l\u2019accueil qu\u2019il propose. Pens\u00e9 pour tous, adapt\u00e9 au passage ou \u00e0 la halte, au tourisme comme \u00e0 la randonn\u00e9e, il se tient face au paysage, ancr\u00e9 dans la montagne.<br \/><br \/>La construction a \u00e9t\u00e9 r\u00e9alis\u00e9e avec une \u00e9quipe locale, dans l\u2019optique de valoriser les savoir-faire vernaculaires et les\u00a0 mat\u00e9riaux de la r\u00e9gion. Con\u00e7ue en pierres s\u00e8ches et\u00a0 encorbellement phonolite, elle a \u00e9t\u00e9 r\u00e9alis\u00e9e gr\u00e2ce \u00e0 l\u2019implication d\u2019une grande diversit\u00e9 d\u2019acteurs : des artisans locaux, muraillers, charpentier et la carri\u00e8re du<br \/>Pertuis, mais aussi des \u00e9lus, des \u00e9l\u00e8ves du lyc\u00e9e agricole d\u2019Yssingeaux ou encore des habitants qui ont permis l\u2019approvisionnement en pierres du territoire.<br \/><br \/>L\u2019espace int\u00e9rieur a \u00e9t\u00e9 optimis\u00e9 pour accueillir deux personnes le plus confortablement possible, avec deux banquettes-coffres permettant d\u2019abriter les sacs. Au fond, un gong en pierre permet d\u2019exp\u00e9rimenter l\u2019acoustique de la phonolite. Au-dessus de la porte, un grand oculus en verre\u00a0 grenaill\u00e9 \u00e0 la transparence progressive laisse entrer la lumi\u00e8re et la vue du ciel. Un point d\u2019eau ext\u00e9rieur, une table d\u2019orientation et des toilettes s\u00e8ches compl\u00e8tent l\u2019\u00e9difice.<br \/><br \/>Le projet \u00ab Fen\u00eatres sur le\u00a0 paysage \u00bb a \u00e9t\u00e9 cr\u00e9\u00e9 par\u00a0 l\u2019association \u00ab Derri\u00e8re Le Hublot \u00bb, sc\u00e8ne conventionn\u00e9e d\u2019int\u00e9r\u00eat national &#8211; art en territoire. Il est \u00e9galement port\u00e9 par l\u2019Agence fran\u00e7aise des\u00a0 chemins de Compostelle et\u00a0 cofinanc\u00e9 par l&rsquo;Union Europ\u00e9enne, le Minist\u00e8re de la Culture et l&rsquo;Agence nationale de<br \/>coh\u00e9sion des territoires. En\u00a0 Haute-Loire, Suchaillou a \u00e9t\u00e9\u00a0 financ\u00e9 par la r\u00e9gion Auvergne-Rh\u00f4ne-Alpes, la communaut\u00e9 de communes M\u00e9zenc-Loire-Meygal, le SIVOM du Meygal et par les communes de Queyri\u00e8res et Saint-Julien-Chapteuil.<\/p>\t\t\t\t\t\t<\/div>\n\t\t\t\t<\/div>\n\t\t\t\t\t<\/div>\n\t\t<\/div>\n\t\t\t\t\t\t\t<\/div>\n\t\t<\/section>\n\t\t\t\t<section class=\"elementor-section elementor-top-section elementor-element elementor-element-0ba519e elementor-section-boxed elementor-section-height-default elementor-section-height-default\" data-id=\"0ba519e\" data-element_type=\"section\">\n\t\t\t\t\t\t<div class=\"elementor-container elementor-column-gap-default\">\n\t\t\t\t\t<div class=\"elementor-column elementor-col-100 elementor-top-column elementor-element elementor-element-07299e0\" data-id=\"07299e0\" data-element_type=\"column\">\n\t\t\t<div class=\"elementor-widget-wrap elementor-element-populated\">\n\t\t\t\t\t\t\t\t<div class=\"elementor-element elementor-element-6278aad elementor-widget elementor-widget-heading\" data-id=\"6278aad\" data-element_type=\"widget\" data-widget_type=\"heading.default\">\n\t\t\t\t<div class=\"elementor-widget-container\">\n\t\t\t<h2 class=\"elementor-heading-title elementor-size-default\">Le sentier botanique<\/h2>\t\t<\/div>\n\t\t\t\t<\/div>\n\t\t\t\t\t<\/div>\n\t\t<\/div>\n\t\t\t\t\t\t\t<\/div>\n\t\t<\/section>\n\t\t\t\t<section class=\"elementor-section elementor-top-section elementor-element elementor-element-bba0d63 elementor-section-boxed elementor-section-height-default elementor-section-height-default\" data-id=\"bba0d63\" data-element_type=\"section\">\n\t\t\t\t\t\t<div class=\"elementor-container elementor-column-gap-default\">\n\t\t\t\t\t<div class=\"elementor-column elementor-col-100 elementor-top-column elementor-element elementor-element-9beaf8b\" data-id=\"9beaf8b\" data-element_type=\"column\">\n\t\t\t<div class=\"elementor-widget-wrap elementor-element-populated\">\n\t\t\t\t\t\t\t\t<section class=\"elementor-section elementor-inner-section elementor-element elementor-element-612a168 elementor-section-boxed elementor-section-height-default elementor-section-height-default\" data-id=\"612a168\" data-element_type=\"section\">\n\t\t\t\t\t\t<div class=\"elementor-container elementor-column-gap-default\">\n\t\t\t\t\t<div class=\"elementor-column elementor-col-50 elementor-inner-column elementor-element elementor-element-7f7f090\" data-id=\"7f7f090\" data-element_type=\"column\">\n\t\t\t<div class=\"elementor-widget-wrap elementor-element-populated\">\n\t\t\t\t\t\t\t\t<div class=\"elementor-element elementor-element-08dc303 elementor-widget elementor-widget-text-editor\" data-id=\"08dc303\" data-element_type=\"widget\" data-widget_type=\"text-editor.default\">\n\t\t\t\t<div class=\"elementor-widget-container\">\n\t\t\t\t\t\t\t<p>Au d\u00e9part du Fournial et sur une distance de 4kms, deux sentiers permettent de contourner les M\u00e9z\u00e8res.<\/p>\n<p>Tout au long du parcours, sont install\u00e9s des pr\u00e9sentoirs qui vous permettront de d\u00e9couvrir la faune et la flore de notre environnement, et si la chance vous sourit, vous pourrez peut \u00eatre croiser quelques habitants de nos for\u00eats&#8230;<\/p>\t\t\t\t\t\t<\/div>\n\t\t\t\t<\/div>\n\t\t\t\t\t<\/div>\n\t\t<\/div>\n\t\t\t\t<div class=\"elementor-column elementor-col-50 elementor-inner-column elementor-element elementor-element-6fe8ace\" data-id=\"6fe8ace\" data-element_type=\"column\">\n\t\t\t<div class=\"elementor-widget-wrap elementor-element-populated\">\n\t\t\t\t\t\t\t\t<div class=\"elementor-element elementor-element-f25e958 elementor-widget elementor-widget-image\" data-id=\"f25e958\" data-element_type=\"widget\" data-widget_type=\"image.default\">\n\t\t\t\t<div class=\"elementor-widget-container\">\n\t\t\t\t\t\t\t\t\t\t\t\t\t\t\t<img decoding=\"async\" width=\"930\" height=\"620\" src=\"https:\/\/queyrieres.fr\/wp-content\/uploads\/2021\/06\/sentier-930x620.jpg\" class=\"attachment-neve-blog size-neve-blog wp-image-1507\" alt=\"\" \/>\t\t\t\t\t\t\t\t\t\t\t\t\t\t\t<\/div>\n\t\t\t\t<\/div>\n\t\t\t\t\t<\/div>\n\t\t<\/div>\n\t\t\t\t\t\t\t<\/div>\n\t\t<\/section>\n\t\t\t\t\t<\/div>\n\t\t<\/div>\n\t\t\t\t\t\t\t<\/div>\n\t\t<\/section>\n\t\t\t\t<section class=\"elementor-section elementor-top-section elementor-element elementor-element-eed7e8c elementor-section-boxed elementor-section-height-default elementor-section-height-default\" data-id=\"eed7e8c\" data-element_type=\"section\">\n\t\t\t\t\t\t<div class=\"elementor-container elementor-column-gap-default\">\n\t\t\t\t\t<div class=\"elementor-column elementor-col-100 elementor-top-column elementor-element elementor-element-714c061\" data-id=\"714c061\" data-element_type=\"column\">\n\t\t\t<div class=\"elementor-widget-wrap elementor-element-populated\">\n\t\t\t\t\t\t\t\t<div class=\"elementor-element elementor-element-e52576f elementor-widget elementor-widget-heading\" data-id=\"e52576f\" data-element_type=\"widget\" data-widget_type=\"heading.default\">\n\t\t\t\t<div class=\"elementor-widget-container\">\n\t\t\t<h2 class=\"elementor-heading-title elementor-size-default\">Le Coudert<\/h2>\t\t<\/div>\n\t\t\t\t<\/div>\n\t\t\t\t\t<\/div>\n\t\t<\/div>\n\t\t\t\t\t\t\t<\/div>\n\t\t<\/section>\n\t\t\t\t<section class=\"elementor-section elementor-top-section elementor-element elementor-element-9fe0341 elementor-section-boxed elementor-section-height-default elementor-section-height-default\" data-id=\"9fe0341\" data-element_type=\"section\">\n\t\t\t\t\t\t<div class=\"elementor-container elementor-column-gap-default\">\n\t\t\t\t\t<div class=\"elementor-column elementor-col-100 elementor-top-column elementor-element elementor-element-8fa509e\" data-id=\"8fa509e\" data-element_type=\"column\">\n\t\t\t<div class=\"elementor-widget-wrap elementor-element-populated\">\n\t\t\t\t\t\t\t\t<section class=\"elementor-section elementor-inner-section elementor-element elementor-element-30ab420 elementor-section-boxed elementor-section-height-default elementor-section-height-default\" data-id=\"30ab420\" data-element_type=\"section\">\n\t\t\t\t\t\t<div class=\"elementor-container elementor-column-gap-default\">\n\t\t\t\t\t<div class=\"elementor-column elementor-col-50 elementor-inner-column elementor-element elementor-element-136a013\" data-id=\"136a013\" data-element_type=\"column\">\n\t\t\t<div class=\"elementor-widget-wrap elementor-element-populated\">\n\t\t\t\t\t\t\t\t<div class=\"elementor-element elementor-element-541c1e3 elementor-widget elementor-widget-text-editor\" data-id=\"541c1e3\" data-element_type=\"widget\" data-widget_type=\"text-editor.default\">\n\t\t\t\t<div class=\"elementor-widget-container\">\n\t\t\t\t\t\t\t<p>Au carrefour principal du village se trouve Le Coudert et son four communal.<\/p><p>Nos amis de passage pourront profiter d&rsquo;une aire propice \u00e0 la d\u00e9tente et au repos. Sont mis a disposition un terrain de boules ainsi que des tables de pique-niques.<\/p><p>Des sanitaires, ouverts aux beaux jours, sont gracieusement mis \u00e0\u00a0 disposition par la Commune.\u00a0<\/p>\t\t\t\t\t\t<\/div>\n\t\t\t\t<\/div>\n\t\t\t\t\t<\/div>\n\t\t<\/div>\n\t\t\t\t<div class=\"elementor-column elementor-col-50 elementor-inner-column elementor-element elementor-element-5d1432f\" data-id=\"5d1432f\" data-element_type=\"column\">\n\t\t\t<div class=\"elementor-widget-wrap\">\n\t\t\t\t\t\t\t\t\t<\/div>\n\t\t<\/div>\n\t\t\t\t\t\t\t<\/div>\n\t\t<\/section>\n\t\t\t\t\t<\/div>\n\t\t<\/div>\n\t\t\t\t\t\t\t<\/div>\n\t\t<\/section>\n\t\t\t\t<section class=\"elementor-section elementor-top-section elementor-element elementor-element-8dec132 elementor-section-boxed elementor-section-height-default elementor-section-height-default\" data-id=\"8dec132\" data-element_type=\"section\">\n\t\t\t\t\t\t<div class=\"elementor-container elementor-column-gap-default\">\n\t\t\t\t\t<div class=\"elementor-column elementor-col-100 elementor-top-column elementor-element elementor-element-7069fb0\" data-id=\"7069fb0\" data-element_type=\"column\">\n\t\t\t<div class=\"elementor-widget-wrap elementor-element-populated\">\n\t\t\t\t\t\t\t\t<div class=\"elementor-element elementor-element-90f00e7 elementor-widget elementor-widget-heading\" data-id=\"90f00e7\" data-element_type=\"widget\" data-widget_type=\"heading.default\">\n\t\t\t\t<div class=\"elementor-widget-container\">\n\t\t\t<h2 class=\"elementor-heading-title elementor-size-default\">Le Rocher<\/h2>\t\t<\/div>\n\t\t\t\t<\/div>\n\t\t\t\t\t<\/div>\n\t\t<\/div>\n\t\t\t\t\t\t\t<\/div>\n\t\t<\/section>\n\t\t\t\t<section class=\"elementor-section elementor-top-section elementor-element elementor-element-c83b3c7 elementor-section-boxed elementor-section-height-default elementor-section-height-default\" data-id=\"c83b3c7\" data-element_type=\"section\">\n\t\t\t\t\t\t<div class=\"elementor-container elementor-column-gap-default\">\n\t\t\t\t\t<div class=\"elementor-column elementor-col-50 elementor-top-column elementor-element elementor-element-2af55e2\" data-id=\"2af55e2\" data-element_type=\"column\">\n\t\t\t<div class=\"elementor-widget-wrap elementor-element-populated\">\n\t\t\t\t\t\t\t\t<div class=\"elementor-element elementor-element-0f8c794 elementor-widget elementor-widget-text-editor\" data-id=\"0f8c794\" data-element_type=\"widget\" data-widget_type=\"text-editor.default\">\n\t\t\t\t<div class=\"elementor-widget-container\">\n\t\t\t\t\t\t\t<p>Ancienne chemin\u00e9e volcanique d\u00e9gag\u00e9e par une \u00e9rosion active de roches<br \/>profondes sa formation particuli\u00e8re en fond un lieu de promenade<br \/>extraordinaire. Le magma a rempli le haut de la chemin\u00e9e formant ainsi un bouchon qui en refroidissant\u00a0 a form\u00e9 des prismes basaltiques s&rsquo;\u00e9levant vers le haut ce qui lui donne sa forme si singuli\u00e8re<br \/>Du haut de son sommet, venez admirer un panorama unique \u00e0 360\u00b0 \u00e0\u00a0 couper le souffle.<br \/>En redescendant, poursuivez votre visite en contournant le rocher. Tout au<br \/>long du parcours des panneaux de pr\u00e9sentation vous renseignerons sur la<br \/>formation g\u00e9ologique des lieux et l&#8217;emploi de la pierre.<\/p>\t\t\t\t\t\t<\/div>\n\t\t\t\t<\/div>\n\t\t\t\t\t<\/div>\n\t\t<\/div>\n\t\t\t\t<div class=\"elementor-column elementor-col-50 elementor-top-column elementor-element elementor-element-21641e9\" data-id=\"21641e9\" data-element_type=\"column\">\n\t\t\t<div class=\"elementor-widget-wrap elementor-element-populated\">\n\t\t\t\t\t\t\t\t<div class=\"elementor-element elementor-element-c0a7271 elementor-widget elementor-widget-image\" data-id=\"c0a7271\" data-element_type=\"widget\" data-widget_type=\"image.default\">\n\t\t\t\t<div class=\"elementor-widget-container\">\n\t\t\t\t\t\t\t\t\t\t\t\t\t\t\t<img decoding=\"async\" width=\"1024\" height=\"559\" src=\"https:\/\/queyrieres.fr\/wp-content\/uploads\/2021\/06\/rocher-1024x559.jpg\" class=\"attachment-large size-large wp-image-1508\" alt=\"\" srcset=\"https:\/\/queyrieres.fr\/wp-content\/uploads\/2021\/06\/rocher-1024x559.jpg 1024w, https:\/\/queyrieres.fr\/wp-content\/uploads\/2021\/06\/rocher-300x164.jpg 300w, https:\/\/queyrieres.fr\/wp-content\/uploads\/2021\/06\/rocher-768x419.jpg 768w, https:\/\/queyrieres.fr\/wp-content\/uploads\/2021\/06\/rocher.jpg 1040w\" sizes=\"(max-width: 1024px) 100vw, 1024px\" \/>\t\t\t\t\t\t\t\t\t\t\t\t\t\t\t<\/div>\n\t\t\t\t<\/div>\n\t\t\t\t\t<\/div>\n\t\t<\/div>\n\t\t\t\t\t\t\t<\/div>\n\t\t<\/section>\n\t\t\t\t\t\t\t<\/div>\n\t\t","protected":false},"excerpt":{"rendered":"<p>Le Suchaillou, un point de vue remarquable Le SuchaillouDans le cadre du projet Fen\u00eatres sur le paysage, Constance Guisset a \u00e9t\u00e9 invit\u00e9e \u00e0 imaginer une oeuvre d&rsquo;art refuge \u00e0 Queyri\u00e8res (Haute- Loire). Au bord du chemin de Compostelle, elle est destin\u00e9e \u00e0 accueillir aussi bien les randonneurs et p\u00e8lerins (pour une halte comme pour une&hellip;&nbsp;<a href=\"https:\/\/queyrieres.fr\/index.php\/vie-pratique\/tourisme\/a-decouvrir\/\" rel=\"bookmark\">Lire la suite &raquo;<span class=\"screen-reader-text\">A d\u00e9couvrir !<\/span><\/a><\/p>\n","protected":false},"author":1,"featured_media":0,"parent":188,"menu_order":0,"comment_status":"closed","ping_status":"closed","template":"page-templates\/template-pagebuilder-full-width.php","meta":{"neve_meta_sidebar":"full-width","neve_meta_container":"","neve_meta_enable_content_width":"on","neve_meta_content_width":100,"neve_meta_title_alignment":"","neve_meta_author_avatar":"","neve_post_elements_order":"","neve_meta_disable_header":"","neve_meta_disable_footer":"","neve_meta_disable_title":"","footnotes":""},"class_list":["post-764","page","type-page","status-publish","hentry"],"publishpress_future_action":{"enabled":false,"date":"2026-05-01 18:05:30","action":"change-status","newStatus":"draft","terms":[],"taxonomy":""},"publishpress_future_workflow_manual_trigger":{"enabledWorkflows":[]},"_links":{"self":[{"href":"https:\/\/queyrieres.fr\/index.php\/wp-json\/wp\/v2\/pages\/764","targetHints":{"allow":["GET"]}}],"collection":[{"href":"https:\/\/queyrieres.fr\/index.php\/wp-json\/wp\/v2\/pages"}],"about":[{"href":"https:\/\/queyrieres.fr\/index.php\/wp-json\/wp\/v2\/types\/page"}],"author":[{"embeddable":true,"href":"https:\/\/queyrieres.fr\/index.php\/wp-json\/wp\/v2\/users\/1"}],"replies":[{"embeddable":true,"href":"https:\/\/queyrieres.fr\/index.php\/wp-json\/wp\/v2\/comments?post=764"}],"version-history":[{"count":16,"href":"https:\/\/queyrieres.fr\/index.php\/wp-json\/wp\/v2\/pages\/764\/revisions"}],"predecessor-version":[{"id":3285,"href":"https:\/\/queyrieres.fr\/index.php\/wp-json\/wp\/v2\/pages\/764\/revisions\/3285"}],"up":[{"embeddable":true,"href":"https:\/\/queyrieres.fr\/index.php\/wp-json\/wp\/v2\/pages\/188"}],"wp:attachment":[{"href":"https:\/\/queyrieres.fr\/index.php\/wp-json\/wp\/v2\/media?parent=764"}],"curies":[{"name":"wp","href":"https:\/\/api.w.org\/{rel}","templated":true}]}}